{"id":273,"date":"2025-01-10T17:55:06","date_gmt":"2025-01-10T16:55:06","guid":{"rendered":"https:\/\/sanmartcorp.com\/?page_id=273"},"modified":"2025-01-23T19:45:51","modified_gmt":"2025-01-23T18:45:51","slug":"marches","status":"publish","type":"page","link":"https:\/\/sanmartcorp.com\/fr\/marches\/","title":{"rendered":"March\u00e9s"},"content":{"rendered":"<div class=\"wp-block-uagb-container uagb-block-b743db5c alignfull uagb-is-root-container\"><div class=\"uagb-container-inner-blocks-wrap\">\n<div data-aos= \"fade-up\" data-aos-duration=\"400\" data-aos-delay=\"0\" data-aos-easing=\"ease\" data-aos-once=\"true\" class=\"wp-block-uagb-container uagb-block-cd4d8722\">\n<div class=\"wp-block-uagb-advanced-heading uagb-block-b2b6309a\"><h1 class=\"uagb-heading-text\">Ingr\u00e9dients fonctionnels pour les secteurs nutraceutique, v\u00e9t\u00e9rinaire et cosm\u00e9tique.<\/h1><\/div>\n<\/div>\n\n\n\n<div class=\"wp-block-uagb-container uagb-block-48cdab08\">\n<div data-aos= \"fade\" data-aos-duration=\"1000\" data-aos-delay=\"100\" data-aos-easing=\"ease\" data-aos-once=\"true\" class=\"wp-block-uagb-image uagb-block-f7bea441 wp-block-uagb-image--layout-default wp-block-uagb-image--effect-static wp-block-uagb-image--align-none\"><figure class=\"wp-block-uagb-image__figure\"><img decoding=\"async\" srcset=\"https:\/\/sanmartcorp.com\/wp-content\/uploads\/2025\/01\/Mercados-capsulas-1024x683.webp ,https:\/\/sanmartcorp.com\/wp-content\/uploads\/2025\/01\/Mercados-capsulas.webp 780w, https:\/\/sanmartcorp.com\/wp-content\/uploads\/2025\/01\/Mercados-capsulas.webp 360w\" sizes=\"auto, (max-width: 480px) 150px\" src=\"https:\/\/sanmartcorp.com\/wp-content\/uploads\/2025\/01\/Mercados-capsulas-1024x683.webp\" alt=\"\" class=\"uag-image-1147\" width=\"1024\" height=\"683\" title=\"March\u00e9s des capsules\" loading=\"lazy\" role=\"img\"\/><\/figure><\/div>\n<\/div>\n\n\n\n<div data-aos= \"fade-down\" data-aos-duration=\"400\" data-aos-delay=\"0\" data-aos-easing=\"ease\" data-aos-once=\"true\" class=\"wp-block-uagb-container uagb-block-93b61c6e\">\n<div class=\"wp-block-uagb-slider uagb-block-ba4d628d uagb-slider-container\"><div class=\"uagb-slides uagb-swiper\"><div class=\"swiper-wrapper\">\n<div class=\"wp-block-uagb-slider-child uagb-slider-child-wrap swiper-slide uagb-block-c45952c5\"><div class=\"swiper-content\">\n<div class=\"wp-block-uagb-container uagb-block-9eaa559d\">\n<div class=\"wp-block-uagb-info-box uagb-block-c36bf8d7 uagb-infobox__content-wrap  uagb-infobox-icon-above-title uagb-infobox-image-valign-top\"><div class=\"uagb-ifb-content\"><div class=\"uagb-ifb-title-wrap\"><h2 class=\"uagb-ifb-title\">Aliments fonctionnels - le plus grand catalogue d'ingr\u00e9dients.<\/h2><\/div><\/div><\/div>\n<\/div>\n<\/div><\/div>\n\n\n\n<div class=\"wp-block-uagb-slider-child uagb-slider-child-wrap swiper-slide uagb-block-020f28a9\"><div class=\"swiper-content\">\n<div class=\"wp-block-uagb-container uagb-block-a760a666\">\n<div class=\"wp-block-uagb-info-box uagb-block-04f7b7cc uagb-infobox__content-wrap  uagb-infobox-icon-above-title uagb-infobox-image-valign-top\"><div class=\"uagb-ifb-content\"><div class=\"uagb-ifb-title-wrap\"><h2 class=\"uagb-ifb-title\">Les nutraceutiques - notre principal march\u00e9.<\/h2><\/div><\/div><\/div>\n<\/div>\n<\/div><\/div>\n\n\n\n<div class=\"wp-block-uagb-slider-child uagb-slider-child-wrap swiper-slide uagb-block-95f33627\"><div class=\"swiper-content\">\n<div class=\"wp-block-uagb-container uagb-block-432ad258\">\n<div class=\"wp-block-uagb-info-box uagb-block-9637c136 uagb-infobox__content-wrap  uagb-infobox-icon-above-title uagb-infobox-image-valign-top\"><div class=\"uagb-ifb-content\"><div class=\"uagb-ifb-title-wrap\"><h2 class=\"uagb-ifb-title\">Cosm\u00e9tiques - expertise en mati\u00e8re d'extraits botaniques naturels.<\/h2><\/div><\/div><\/div>\n<\/div>\n<\/div><\/div>\n\n\n\n<div class=\"wp-block-uagb-slider-child uagb-slider-child-wrap swiper-slide uagb-block-fa969a15\"><div class=\"swiper-content\">\n<div class=\"wp-block-uagb-container uagb-block-8f977e1c\">\n<div class=\"wp-block-uagb-info-box uagb-block-d521ab4a uagb-infobox__content-wrap  uagb-infobox-icon-above-title uagb-infobox-image-valign-top\"><div class=\"uagb-ifb-content\"><div class=\"uagb-ifb-title-wrap\"><h2 class=\"uagb-ifb-title\">V\u00e9t\u00e9rinaire - plus de 30 ans d'exp\u00e9rience.<\/h2><\/div><\/div><\/div>\n<\/div>\n<\/div><\/div>\n<\/div><\/div><\/div>\n<\/div>\n<\/div><\/div>\n\n\n\n<div class=\"wp-block-uagb-container uagb-block-8678c54e alignfull uagb-is-root-container\"><div class=\"uagb-container-inner-blocks-wrap\">\n<div data-aos= \"slide-up\" data-aos-duration=\"2000\" data-aos-delay=\"0\" data-aos-easing=\"ease\" data-aos-once=\"true\" class=\"wp-block-uagb-container uagb-block-80dd1203\">\n<div class=\"wp-block-uagb-advanced-heading uagb-block-03a0ecc1\"><h5 class=\"uagb-heading-text\">Des aliments fonctionnels aux ingr\u00e9dients nutraceutiques, nous sommes \u00e9galement une entreprise de premier plan dans le domaine des cosm\u00e9tiques et des ingr\u00e9dients v\u00e9t\u00e9rinaires.<\/h5><p class=\"uagb-desc-text\">Nous excellons dans notre capacit\u00e9 \u00e0 fournir des ingr\u00e9dients de haute performance dans les secteurs fonctionnel, nutraceutique, cosm\u00e9tique et v\u00e9t\u00e9rinaire.<br><br>Dans le domaine des ingr\u00e9dients fonctionnels et des nutraceutiques, nous sommes sp\u00e9cialis\u00e9s dans les solutions innovantes qui favorisent le bien-\u00eatre g\u00e9n\u00e9ral, avec des ingr\u00e9dients adapt\u00e9s aux besoins actuels du march\u00e9.<br><br>Dans le domaine des cosm\u00e9tiques, nous fournissons des ingr\u00e9dients qui nous permettent de d\u00e9velopper des produits sophistiqu\u00e9s et efficaces, conformes aux tendances de la beaut\u00e9 durable et naturelle.<br><br>Notre engagement est bas\u00e9 sur la qualit\u00e9, l'innovation et une profonde compr\u00e9hension des exigences sp\u00e9cifiques de chaque industrie, ce qui fait de nous un partenaire strat\u00e9gique pour ceux qui recherchent des solutions fiables et diff\u00e9renci\u00e9es.<\/p><\/div>\n<\/div>\n<\/div><\/div>\n\n\n\n<p><\/p>","protected":false},"excerpt":{"rendered":"<p>Ingredientes funcionales para el sector nutrac\u00e9utico, veterinario y cosm\u00e9tico. Desde la alimentaci\u00f3n funcional, pasando por los ingredientes nutrac\u00e9uticos, somos una [&hellip;]<\/p>\n","protected":false},"author":1,"featured_media":0,"parent":0,"menu_order":0,"comment_status":"closed","ping_status":"closed","template":"","meta":{"_uag_custom_page_level_css":"","site-sidebar-layout":"default","site-content-layout":"","ast-site-content-layout":"","site-content-style":"default","site-sidebar-style":"default","ast-global-header-display":"","ast-banner-title-visibility":"","ast-main-header-display":"","ast-hfb-above-header-display":"","ast-hfb-below-header-display":"","ast-hfb-mobile-header-display":"","site-post-title":"disabled","ast-breadcrumbs-content":"","ast-featured-img":"","footer-sml-layout":"","ast-disable-related-posts":"","theme-transparent-header-meta":"","adv-header-id-meta":"","stick-header-meta":"","header-above-stick-meta":"","header-main-stick-meta":"","header-below-stick-meta":"","astra-migrate-meta-layouts":"default","ast-page-background-enabled":"default","ast-page-background-meta":{"desktop":{"background-color":"var(--ast-global-color-4)","background-image":"","background-repeat":"repeat","background-position":"center center","background-size":"auto","background-attachment":"scroll","background-type":"","background-media":"","overlay-type":"","overlay-color":"","overlay-opacity":"","overlay-gradient":""},"tablet":{"background-color":"","background-image":"","background-repeat":"repeat","background-position":"center center","background-size":"auto","background-attachment":"scroll","background-type":"","background-media":"","overlay-type":"","overlay-color":"","overlay-opacity":"","overlay-gradient":""},"mobile":{"background-color":"","background-image":"","background-repeat":"repeat","background-position":"center center","background-size":"auto","background-attachment":"scroll","background-type":"","background-media":"","overlay-type":"","overlay-color":"","overlay-opacity":"","overlay-gradient":""}},"ast-content-background-meta":{"desktop":{"background-color":"var(--ast-global-color-5)","background-image":"","background-repeat":"repeat","background-position":"center center","background-size":"auto","background-attachment":"scroll","background-type":"","background-media":"","overlay-type":"","overlay-color":"","overlay-opacity":"","overlay-gradient":""},"tablet":{"background-color":"var(--ast-global-color-5)","background-image":"","background-repeat":"repeat","background-position":"center center","background-size":"auto","background-attachment":"scroll","background-type":"","background-media":"","overlay-type":"","overlay-color":"","overlay-opacity":"","overlay-gradient":""},"mobile":{"background-color":"var(--ast-global-color-5)","background-image":"","background-repeat":"repeat","background-position":"center center","background-size":"auto","background-attachment":"scroll","background-type":"","background-media":"","overlay-type":"","overlay-color":"","overlay-opacity":"","overlay-gradient":""}},"footnotes":""},"class_list":["post-273","page","type-page","status-publish","hentry"],"yoast_head":"<!-- This site is optimized with the Yoast SEO plugin v27.5 - https:\/\/yoast.com\/product\/yoast-seo-wordpress\/ -->\n<title>Mercados - Sanmart<\/title>\n<meta name=\"robots\" content=\"index, follow, max-snippet:-1, max-image-preview:large, max-video-preview:-1\" \/>\n<link rel=\"canonical\" href=\"https:\/\/sanmartcorp.com\/fr\/marches\/\" \/>\n<meta property=\"og:locale\" content=\"fr_FR\" \/>\n<meta property=\"og:type\" content=\"article\" \/>\n<meta property=\"og:title\" content=\"Mercados - Sanmart\" \/>\n<meta property=\"og:description\" content=\"Ingredientes funcionales para el sector nutrac\u00e9utico, veterinario y cosm\u00e9tico. Desde la alimentaci\u00f3n funcional, pasando por los ingredientes nutrac\u00e9uticos, somos una [&hellip;]\" \/>\n<meta property=\"og:url\" content=\"https:\/\/sanmartcorp.com\/fr\/marches\/\" \/>\n<meta property=\"og:site_name\" content=\"Sanmart\" \/>\n<meta property=\"article:modified_time\" content=\"2025-01-23T18:45:51+00:00\" \/>\n<meta property=\"og:image\" content=\"https:\/\/sanmartcorp.com\/wp-content\/uploads\/2025\/01\/Mercados-capsulas-1024x683.webp\" \/>\n<meta name=\"twitter:card\" content=\"summary_large_image\" \/>\n<meta name=\"twitter:label1\" content=\"Dur\u00e9e de lecture estim\u00e9e\" \/>\n\t<meta name=\"twitter:data1\" content=\"1 minute\" \/>\n<script type=\"application\/ld+json\" class=\"yoast-schema-graph\">{\"@context\":\"https:\\\/\\\/schema.org\",\"@graph\":[{\"@type\":\"WebPage\",\"@id\":\"https:\\\/\\\/sanmartcorp.com\\\/mercados\\\/\",\"url\":\"https:\\\/\\\/sanmartcorp.com\\\/mercados\\\/\",\"name\":\"Mercados - Sanmart\",\"isPartOf\":{\"@id\":\"https:\\\/\\\/sanmartcorp.com\\\/#website\"},\"primaryImageOfPage\":{\"@id\":\"https:\\\/\\\/sanmartcorp.com\\\/mercados\\\/#primaryimage\"},\"image\":{\"@id\":\"https:\\\/\\\/sanmartcorp.com\\\/mercados\\\/#primaryimage\"},\"thumbnailUrl\":\"https:\\\/\\\/sanmartcorp.com\\\/wp-content\\\/uploads\\\/2025\\\/01\\\/Mercados-capsulas-1024x683.webp\",\"datePublished\":\"2025-01-10T16:55:06+00:00\",\"dateModified\":\"2025-01-23T18:45:51+00:00\",\"breadcrumb\":{\"@id\":\"https:\\\/\\\/sanmartcorp.com\\\/mercados\\\/#breadcrumb\"},\"inLanguage\":\"fr-FR\",\"potentialAction\":[{\"@type\":\"ReadAction\",\"target\":[\"https:\\\/\\\/sanmartcorp.com\\\/mercados\\\/\"]}]},{\"@type\":\"ImageObject\",\"inLanguage\":\"fr-FR\",\"@id\":\"https:\\\/\\\/sanmartcorp.com\\\/mercados\\\/#primaryimage\",\"url\":\"https:\\\/\\\/sanmartcorp.com\\\/wp-content\\\/uploads\\\/2025\\\/01\\\/Mercados-capsulas-1024x683.webp\",\"contentUrl\":\"https:\\\/\\\/sanmartcorp.com\\\/wp-content\\\/uploads\\\/2025\\\/01\\\/Mercados-capsulas-1024x683.webp\"},{\"@type\":\"BreadcrumbList\",\"@id\":\"https:\\\/\\\/sanmartcorp.com\\\/mercados\\\/#breadcrumb\",\"itemListElement\":[{\"@type\":\"ListItem\",\"position\":1,\"name\":\"Portada\",\"item\":\"https:\\\/\\\/sanmartcorp.com\\\/\"},{\"@type\":\"ListItem\",\"position\":2,\"name\":\"Mercados\"}]},{\"@type\":\"WebSite\",\"@id\":\"https:\\\/\\\/sanmartcorp.com\\\/#website\",\"url\":\"https:\\\/\\\/sanmartcorp.com\\\/\",\"name\":\"Sanmart distribuidor de ingredientes\",\"description\":\"\",\"publisher\":{\"@id\":\"https:\\\/\\\/sanmartcorp.com\\\/#organization\"},\"potentialAction\":[{\"@type\":\"SearchAction\",\"target\":{\"@type\":\"EntryPoint\",\"urlTemplate\":\"https:\\\/\\\/sanmartcorp.com\\\/?s={search_term_string}\"},\"query-input\":{\"@type\":\"PropertyValueSpecification\",\"valueRequired\":true,\"valueName\":\"search_term_string\"}}],\"inLanguage\":\"fr-FR\"},{\"@type\":\"Organization\",\"@id\":\"https:\\\/\\\/sanmartcorp.com\\\/#organization\",\"name\":\"Sanmart\",\"url\":\"https:\\\/\\\/sanmartcorp.com\\\/\",\"logo\":{\"@type\":\"ImageObject\",\"inLanguage\":\"fr-FR\",\"@id\":\"https:\\\/\\\/sanmartcorp.com\\\/#\\\/schema\\\/logo\\\/image\\\/\",\"url\":\"https:\\\/\\\/sanmartcorp.com\\\/wp-content\\\/uploads\\\/2024\\\/12\\\/sanmart-logo.png\",\"contentUrl\":\"https:\\\/\\\/sanmartcorp.com\\\/wp-content\\\/uploads\\\/2024\\\/12\\\/sanmart-logo.png\",\"width\":1030,\"height\":226,\"caption\":\"Sanmart\"},\"image\":{\"@id\":\"https:\\\/\\\/sanmartcorp.com\\\/#\\\/schema\\\/logo\\\/image\\\/\"}}]}<\/script>\n<!-- \/ Yoast SEO plugin. -->","yoast_head_json":{"title":"March\u00e9s - Sanmart","robots":{"index":"index","follow":"follow","max-snippet":"max-snippet:-1","max-image-preview":"max-image-preview:large","max-video-preview":"max-video-preview:-1"},"canonical":"https:\/\/sanmartcorp.com\/fr\/marches\/","og_locale":"fr_FR","og_type":"article","og_title":"Mercados - Sanmart","og_description":"Ingredientes funcionales para el sector nutrac\u00e9utico, veterinario y cosm\u00e9tico. Desde la alimentaci\u00f3n funcional, pasando por los ingredientes nutrac\u00e9uticos, somos una [&hellip;]","og_url":"https:\/\/sanmartcorp.com\/fr\/marches\/","og_site_name":"Sanmart","article_modified_time":"2025-01-23T18:45:51+00:00","og_image":[{"url":"https:\/\/sanmartcorp.com\/wp-content\/uploads\/2025\/01\/Mercados-capsulas-1024x683.webp","type":"","width":"","height":""}],"twitter_card":"summary_large_image","twitter_misc":{"Dur\u00e9e de lecture estim\u00e9e":"1 minute"},"schema":{"@context":"https:\/\/schema.org","@graph":[{"@type":"WebPage","@id":"https:\/\/sanmartcorp.com\/mercados\/","url":"https:\/\/sanmartcorp.com\/mercados\/","name":"March\u00e9s - Sanmart","isPartOf":{"@id":"https:\/\/sanmartcorp.com\/#website"},"primaryImageOfPage":{"@id":"https:\/\/sanmartcorp.com\/mercados\/#primaryimage"},"image":{"@id":"https:\/\/sanmartcorp.com\/mercados\/#primaryimage"},"thumbnailUrl":"https:\/\/sanmartcorp.com\/wp-content\/uploads\/2025\/01\/Mercados-capsulas-1024x683.webp","datePublished":"2025-01-10T16:55:06+00:00","dateModified":"2025-01-23T18:45:51+00:00","breadcrumb":{"@id":"https:\/\/sanmartcorp.com\/mercados\/#breadcrumb"},"inLanguage":"fr-FR","potentialAction":[{"@type":"ReadAction","target":["https:\/\/sanmartcorp.com\/mercados\/"]}]},{"@type":"ImageObject","inLanguage":"fr-FR","@id":"https:\/\/sanmartcorp.com\/mercados\/#primaryimage","url":"https:\/\/sanmartcorp.com\/wp-content\/uploads\/2025\/01\/Mercados-capsulas-1024x683.webp","contentUrl":"https:\/\/sanmartcorp.com\/wp-content\/uploads\/2025\/01\/Mercados-capsulas-1024x683.webp"},{"@type":"BreadcrumbList","@id":"https:\/\/sanmartcorp.com\/mercados\/#breadcrumb","itemListElement":[{"@type":"ListItem","position":1,"name":"Portada","item":"https:\/\/sanmartcorp.com\/"},{"@type":"ListItem","position":2,"name":"Mercados"}]},{"@type":"WebSite","@id":"https:\/\/sanmartcorp.com\/#website","url":"https:\/\/sanmartcorp.com\/","name":"Distributeur d'ingr\u00e9dients Sanmart","description":"","publisher":{"@id":"https:\/\/sanmartcorp.com\/#organization"},"potentialAction":[{"@type":"SearchAction","target":{"@type":"EntryPoint","urlTemplate":"https:\/\/sanmartcorp.com\/?s={search_term_string}"},"query-input":{"@type":"PropertyValueSpecification","valueRequired":true,"valueName":"search_term_string"}}],"inLanguage":"fr-FR"},{"@type":"Organization","@id":"https:\/\/sanmartcorp.com\/#organization","name":"Sanmart","url":"https:\/\/sanmartcorp.com\/","logo":{"@type":"ImageObject","inLanguage":"fr-FR","@id":"https:\/\/sanmartcorp.com\/#\/schema\/logo\/image\/","url":"https:\/\/sanmartcorp.com\/wp-content\/uploads\/2024\/12\/sanmart-logo.png","contentUrl":"https:\/\/sanmartcorp.com\/wp-content\/uploads\/2024\/12\/sanmart-logo.png","width":1030,"height":226,"caption":"Sanmart"},"image":{"@id":"https:\/\/sanmartcorp.com\/#\/schema\/logo\/image\/"}}]}},"spectra_custom_meta":{"_edit_lock":["1737657809:1"],"_uag_custom_page_level_css":[""],"site-sidebar-layout":["default"],"site-content-layout":[""],"ast-site-content-layout":[""],"site-content-style":["default"],"site-sidebar-style":["default"],"ast-global-header-display":[""],"ast-banner-title-visibility":[""],"ast-main-header-display":[""],"ast-hfb-above-header-display":[""],"ast-hfb-below-header-display":[""],"ast-hfb-mobile-header-display":[""],"site-post-title":["disabled"],"ast-breadcrumbs-content":[""],"ast-featured-img":[""],"footer-sml-layout":[""],"theme-transparent-header-meta":[""],"adv-header-id-meta":[""],"stick-header-meta":[""],"header-above-stick-meta":[""],"header-main-stick-meta":[""],"header-below-stick-meta":[""],"astra-migrate-meta-layouts":["default"],"ast-page-background-enabled":["default"],"ast-page-background-meta":["a:3:{s:7:\"desktop\";a:12:{s:16:\"background-color\";s:25:\"var(--ast-global-color-4)\";s:16:\"background-image\";s:0:\"\";s:17:\"background-repeat\";s:6:\"repeat\";s:19:\"background-position\";s:13:\"center center\";s:15:\"background-size\";s:4:\"auto\";s:21:\"background-attachment\";s:6:\"scroll\";s:15:\"background-type\";s:0:\"\";s:16:\"background-media\";s:0:\"\";s:12:\"overlay-type\";s:0:\"\";s:13:\"overlay-color\";s:0:\"\";s:15:\"overlay-opacity\";s:0:\"\";s:16:\"overlay-gradient\";s:0:\"\";}s:6:\"tablet\";a:12:{s:16:\"background-color\";s:0:\"\";s:16:\"background-image\";s:0:\"\";s:17:\"background-repeat\";s:6:\"repeat\";s:19:\"background-position\";s:13:\"center center\";s:15:\"background-size\";s:4:\"auto\";s:21:\"background-attachment\";s:6:\"scroll\";s:15:\"background-type\";s:0:\"\";s:16:\"background-media\";s:0:\"\";s:12:\"overlay-type\";s:0:\"\";s:13:\"overlay-color\";s:0:\"\";s:15:\"overlay-opacity\";s:0:\"\";s:16:\"overlay-gradient\";s:0:\"\";}s:6:\"mobile\";a:12:{s:16:\"background-color\";s:0:\"\";s:16:\"background-image\";s:0:\"\";s:17:\"background-repeat\";s:6:\"repeat\";s:19:\"background-position\";s:13:\"center center\";s:15:\"background-size\";s:4:\"auto\";s:21:\"background-attachment\";s:6:\"scroll\";s:15:\"background-type\";s:0:\"\";s:16:\"background-media\";s:0:\"\";s:12:\"overlay-type\";s:0:\"\";s:13:\"overlay-color\";s:0:\"\";s:15:\"overlay-opacity\";s:0:\"\";s:16:\"overlay-gradient\";s:0:\"\";}}"],"ast-content-background-meta":["a:3:{s:7:\"desktop\";a:12:{s:16:\"background-color\";s:25:\"var(--ast-global-color-5)\";s:16:\"background-image\";s:0:\"\";s:17:\"background-repeat\";s:6:\"repeat\";s:19:\"background-position\";s:13:\"center center\";s:15:\"background-size\";s:4:\"auto\";s:21:\"background-attachment\";s:6:\"scroll\";s:15:\"background-type\";s:0:\"\";s:16:\"background-media\";s:0:\"\";s:12:\"overlay-type\";s:0:\"\";s:13:\"overlay-color\";s:0:\"\";s:15:\"overlay-opacity\";s:0:\"\";s:16:\"overlay-gradient\";s:0:\"\";}s:6:\"tablet\";a:12:{s:16:\"background-color\";s:25:\"var(--ast-global-color-5)\";s:16:\"background-image\";s:0:\"\";s:17:\"background-repeat\";s:6:\"repeat\";s:19:\"background-position\";s:13:\"center center\";s:15:\"background-size\";s:4:\"auto\";s:21:\"background-attachment\";s:6:\"scroll\";s:15:\"background-type\";s:0:\"\";s:16:\"background-media\";s:0:\"\";s:12:\"overlay-type\";s:0:\"\";s:13:\"overlay-color\";s:0:\"\";s:15:\"overlay-opacity\";s:0:\"\";s:16:\"overlay-gradient\";s:0:\"\";}s:6:\"mobile\";a:12:{s:16:\"background-color\";s:25:\"var(--ast-global-color-5)\";s:16:\"background-image\";s:0:\"\";s:17:\"background-repeat\";s:6:\"repeat\";s:19:\"background-position\";s:13:\"center center\";s:15:\"background-size\";s:4:\"auto\";s:21:\"background-attachment\";s:6:\"scroll\";s:15:\"background-type\";s:0:\"\";s:16:\"background-media\";s:0:\"\";s:12:\"overlay-type\";s:0:\"\";s:13:\"overlay-color\";s:0:\"\";s:15:\"overlay-opacity\";s:0:\"\";s:16:\"overlay-gradient\";s:0:\"\";}}"],"footnotes":[""],"_edit_last":["1"],"rank_math_analytic_object_id":["339"],"rank_math_og_content_image":["a:2:{s:5:\"check\";s:32:\"77731985d63929a4a339108303ee6217\";s:6:\"images\";a:1:{i:0;s:82:\"https:\/\/sanmartcorp.com\/wp-content\/uploads\/2025\/01\/Mercados-capsulas-1024x683.webp\";}}"],"rank_math_internal_links_processed":["1"],"_uag_css_file_name":["uag-css-273.css"],"_uag_js_file_name":["uag-js-273.js"]},"uagb_featured_image_src":{"full":false,"thumbnail":false,"medium":false,"medium_large":false,"large":false,"1536x1536":false,"2048x2048":false,"trp-custom-language-flag":false,"woocommerce_thumbnail":false,"woocommerce_single":false,"woocommerce_gallery_thumbnail":false,"dgwt-wcas-product-suggestion":false},"uagb_author_info":{"display_name":"domingo","author_link":"https:\/\/sanmartcorp.com\/fr\/author\/domingo\/"},"uagb_comment_info":0,"uagb_excerpt":"Ingredientes funcionales para el sector nutrac\u00e9utico, veterinario y cosm\u00e9tico. Desde la alimentaci\u00f3n funcional, pasando por los ingredientes nutrac\u00e9uticos, somos una [&hellip;]","_links":{"self":[{"href":"https:\/\/sanmartcorp.com\/fr\/wp-json\/wp\/v2\/pages\/273","targetHints":{"allow":["GET"]}}],"collection":[{"href":"https:\/\/sanmartcorp.com\/fr\/wp-json\/wp\/v2\/pages"}],"about":[{"href":"https:\/\/sanmartcorp.com\/fr\/wp-json\/wp\/v2\/types\/page"}],"author":[{"embeddable":true,"href":"https:\/\/sanmartcorp.com\/fr\/wp-json\/wp\/v2\/users\/1"}],"replies":[{"embeddable":true,"href":"https:\/\/sanmartcorp.com\/fr\/wp-json\/wp\/v2\/comments?post=273"}],"version-history":[{"count":8,"href":"https:\/\/sanmartcorp.com\/fr\/wp-json\/wp\/v2\/pages\/273\/revisions"}],"predecessor-version":[{"id":1167,"href":"https:\/\/sanmartcorp.com\/fr\/wp-json\/wp\/v2\/pages\/273\/revisions\/1167"}],"wp:attachment":[{"href":"https:\/\/sanmartcorp.com\/fr\/wp-json\/wp\/v2\/media?parent=273"}],"curies":[{"name":"wp","href":"https:\/\/api.w.org\/{rel}","templated":true}]}}