{"id":1031,"date":"2025-01-20T12:52:34","date_gmt":"2025-01-20T11:52:34","guid":{"rendered":"https:\/\/sanmartcorp.com\/?post_type=product&#038;p=1031"},"modified":"2025-11-17T15:58:36","modified_gmt":"2025-11-17T14:58:36","slug":"conania-somnifera","status":"publish","type":"product","link":"https:\/\/sanmartcorp.com\/fr\/product\/conania-somnifera\/","title":{"rendered":"Conania Somnifera"},"content":{"rendered":"<p data-start=\"2045\" data-end=\"2236\">Extrait adaptog\u00e8ne de racine d'ashwagandha standardis\u00e9 en withanolides. Favorise la gestion du stress, l'\u00e9quilibre \u00e9motionnel, l'\u00e9nergie soutenue et les fonctions cognitives.<\/p>\n<p data-start=\"2238\" data-end=\"2257\"><strong data-start=\"2238\" data-end=\"2255\">Applications :<\/strong><\/p>\n<ul data-start=\"2258\" data-end=\"2401\">\n<li data-start=\"2258\" data-end=\"2284\">\n<p data-start=\"2260\" data-end=\"2284\">Compl\u00e9ments anti-stress<\/p>\n<\/li>\n<li data-start=\"2285\" data-end=\"2319\">\n<p data-start=\"2287\" data-end=\"2319\">Formules holistiques de bien-\u00eatre<\/p>\n<\/li>\n<li data-start=\"2320\" data-end=\"2366\">\n<p data-start=\"2322\" data-end=\"2366\">Produits pour la performance physique et mentale<\/p>\n<\/li>\n<li data-start=\"2367\" data-end=\"2401\">\n<p data-start=\"2369\" data-end=\"2401\">Soutien \u00e0 la nutrition v\u00e9t\u00e9rinaire<\/p>\n<\/li>\n<\/ul>\n<p data-start=\"2403\" data-end=\"2578\"><strong data-start=\"2403\" data-end=\"2420\">Pr\u00e9sentation :<\/strong> Extrait en poudre (2,5%-10% withanolides).<br data-start=\"2463\" data-end=\"2466\" \/><em data-start=\"2466\" data-end=\"2578\">Parfait pour les marques qui cherchent \u00e0 se diff\u00e9rencier en proposant des solutions naturelles \u00e0 fort impact pour le bien-\u00eatre au quotidien.<\/em><\/p>","protected":false},"excerpt":{"rendered":"<p>Connue \u00e0 tort sous le nom de \"Withania Somnifera\", elle est associ\u00e9e \u00e0 l'effet adaptog\u00e8ne et \u00e0 la gestion du stress.<\/p>","protected":false},"featured_media":1077,"template":"","meta":{"_uag_custom_page_level_css":"","site-sidebar-layout":"default","site-content-layout":"","ast-site-content-layout":"default","site-content-style":"default","site-sidebar-style":"default","ast-global-header-display":"","ast-banner-title-visibility":"","ast-main-header-display":"","ast-hfb-above-header-display":"","ast-hfb-below-header-display":"","ast-hfb-mobile-header-display":"","site-post-title":"","ast-breadcrumbs-content":"","ast-featured-img":"","footer-sml-layout":"","ast-disable-related-posts":"","theme-transparent-header-meta":"default","adv-header-id-meta":"","stick-header-meta":"default","header-above-stick-meta":"","header-main-stick-meta":"","header-below-stick-meta":"","astra-migrate-meta-layouts":"set","ast-page-background-enabled":"default","ast-page-background-meta":{"desktop":{"background-color":"var(--ast-global-color-4)","background-image":"","background-repeat":"repeat","background-position":"center center","background-size":"auto","background-attachment":"scroll","background-type":"","background-media":"","overlay-type":"","overlay-color":"","overlay-opacity":"","overlay-gradient":""},"tablet":{"background-color":"","background-image":"","background-repeat":"repeat","background-position":"center center","background-size":"auto","background-attachment":"scroll","background-type":"","background-media":"","overlay-type":"","overlay-color":"","overlay-opacity":"","overlay-gradient":""},"mobile":{"background-color":"","background-image":"","background-repeat":"repeat","background-position":"center center","background-size":"auto","background-attachment":"scroll","background-type":"","background-media":"","overlay-type":"","overlay-color":"","overlay-opacity":"","overlay-gradient":""}},"ast-content-background-meta":{"desktop":{"background-color":"var(--ast-global-color-5)","background-image":"","background-repeat":"repeat","background-position":"center center","background-size":"auto","background-attachment":"scroll","background-type":"","background-media":"","overlay-type":"","overlay-color":"","overlay-opacity":"","overlay-gradient":""},"tablet":{"background-color":"var(--ast-global-color-5)","background-image":"","background-repeat":"repeat","background-position":"center center","background-size":"auto","background-attachment":"scroll","background-type":"","background-media":"","overlay-type":"","overlay-color":"","overlay-opacity":"","overlay-gradient":""},"mobile":{"background-color":"var(--ast-global-color-5)","background-image":"","background-repeat":"repeat","background-position":"center center","background-size":"auto","background-attachment":"scroll","background-type":"","background-media":"","overlay-type":"","overlay-color":"","overlay-opacity":"","overlay-gradient":""}}},"product_brand":[],"product_cat":[22],"product_tag":[],"class_list":{"0":"post-1031","1":"product","2":"type-product","3":"status-publish","4":"has-post-thumbnail","6":"product_cat-botanicos","7":"desktop-align-left","8":"tablet-align-left","9":"mobile-align-left","10":"ast-product-gallery-layout-horizontal-slider","11":"ast-product-gallery-with-no-image","12":"ast-magnify-disabled","13":"ast-product-tabs-layout-accordion","15":"first","16":"instock","17":"shipping-taxable","18":"product-type-simple"},"yoast_head":"<!-- This site is optimized with the Yoast SEO plugin v27.1.1 - https:\/\/yoast.com\/product\/yoast-seo-wordpress\/ -->\n<title>Conania Somnifera - Sanmart<\/title>\n<meta name=\"robots\" content=\"index, follow, max-snippet:-1, max-image-preview:large, max-video-preview:-1\" \/>\n<link rel=\"canonical\" href=\"https:\/\/sanmartcorp.com\/fr\/product\/conania-somnifera\/\" \/>\n<meta property=\"og:locale\" content=\"fr_FR\" \/>\n<meta property=\"og:type\" content=\"article\" \/>\n<meta property=\"og:title\" content=\"Conania Somnifera - Sanmart\" \/>\n<meta property=\"og:description\" content=\"Err\u00f3neamente conocida como \u2018Withania Somnifera\u2019, se asocia con el efecto adapt\u00f3geno y el manejo del estr\u00e9s.\" \/>\n<meta property=\"og:url\" content=\"https:\/\/sanmartcorp.com\/fr\/product\/conania-somnifera\/\" \/>\n<meta property=\"og:site_name\" content=\"Sanmart\" \/>\n<meta property=\"article:modified_time\" content=\"2025-11-17T14:58:36+00:00\" \/>\n<meta property=\"og:image\" content=\"https:\/\/sanmartcorp.com\/wp-content\/uploads\/2025\/01\/placeholder-plantas.webp\" \/>\n\t<meta property=\"og:image:width\" content=\"500\" \/>\n\t<meta property=\"og:image:height\" content=\"500\" \/>\n\t<meta property=\"og:image:type\" content=\"image\/webp\" \/>\n<meta name=\"twitter:card\" content=\"summary_large_image\" \/>\n<meta name=\"twitter:label1\" content=\"Dur\u00e9e de lecture estim\u00e9e\" \/>\n\t<meta name=\"twitter:data1\" content=\"1 minute\" \/>\n<script type=\"application\/ld+json\" class=\"yoast-schema-graph\">{\"@context\":\"https:\/\/schema.org\",\"@graph\":[{\"@type\":\"WebPage\",\"@id\":\"https:\/\/sanmartcorp.com\/producto\/conania-somnifera\/\",\"url\":\"https:\/\/sanmartcorp.com\/producto\/conania-somnifera\/\",\"name\":\"Conania Somnifera - Sanmart\",\"isPartOf\":{\"@id\":\"https:\/\/sanmartcorp.com\/#website\"},\"primaryImageOfPage\":{\"@id\":\"https:\/\/sanmartcorp.com\/producto\/conania-somnifera\/#primaryimage\"},\"image\":{\"@id\":\"https:\/\/sanmartcorp.com\/producto\/conania-somnifera\/#primaryimage\"},\"thumbnailUrl\":\"https:\/\/sanmartcorp.com\/wp-content\/uploads\/2025\/01\/placeholder-plantas.webp\",\"datePublished\":\"2025-01-20T11:52:34+00:00\",\"dateModified\":\"2025-11-17T14:58:36+00:00\",\"breadcrumb\":{\"@id\":\"https:\/\/sanmartcorp.com\/producto\/conania-somnifera\/#breadcrumb\"},\"inLanguage\":\"fr-FR\",\"potentialAction\":[{\"@type\":\"ReadAction\",\"target\":[\"https:\/\/sanmartcorp.com\/producto\/conania-somnifera\/\"]}]},{\"@type\":\"ImageObject\",\"inLanguage\":\"fr-FR\",\"@id\":\"https:\/\/sanmartcorp.com\/producto\/conania-somnifera\/#primaryimage\",\"url\":\"https:\/\/sanmartcorp.com\/wp-content\/uploads\/2025\/01\/placeholder-plantas.webp\",\"contentUrl\":\"https:\/\/sanmartcorp.com\/wp-content\/uploads\/2025\/01\/placeholder-plantas.webp\",\"width\":500,\"height\":500},{\"@type\":\"BreadcrumbList\",\"@id\":\"https:\/\/sanmartcorp.com\/producto\/conania-somnifera\/#breadcrumb\",\"itemListElement\":[{\"@type\":\"ListItem\",\"position\":1,\"name\":\"Portada\",\"item\":\"https:\/\/sanmartcorp.com\/\"},{\"@type\":\"ListItem\",\"position\":2,\"name\":\"Productos\",\"item\":\"https:\/\/sanmartcorp.com\/productos\/\"},{\"@type\":\"ListItem\",\"position\":3,\"name\":\"Conania Somnifera\"}]},{\"@type\":\"WebSite\",\"@id\":\"https:\/\/sanmartcorp.com\/#website\",\"url\":\"https:\/\/sanmartcorp.com\/\",\"name\":\"Sanmart distribuidor de ingredientes\",\"description\":\"\",\"publisher\":{\"@id\":\"https:\/\/sanmartcorp.com\/#organization\"},\"potentialAction\":[{\"@type\":\"SearchAction\",\"target\":{\"@type\":\"EntryPoint\",\"urlTemplate\":\"https:\/\/sanmartcorp.com\/?s={search_term_string}\"},\"query-input\":{\"@type\":\"PropertyValueSpecification\",\"valueRequired\":true,\"valueName\":\"search_term_string\"}}],\"inLanguage\":\"fr-FR\"},{\"@type\":\"Organization\",\"@id\":\"https:\/\/sanmartcorp.com\/#organization\",\"name\":\"Sanmart\",\"url\":\"https:\/\/sanmartcorp.com\/\",\"logo\":{\"@type\":\"ImageObject\",\"inLanguage\":\"fr-FR\",\"@id\":\"https:\/\/sanmartcorp.com\/#\/schema\/logo\/image\/\",\"url\":\"https:\/\/sanmartcorp.com\/wp-content\/uploads\/2024\/12\/sanmart-logo.png\",\"contentUrl\":\"https:\/\/sanmartcorp.com\/wp-content\/uploads\/2024\/12\/sanmart-logo.png\",\"width\":1030,\"height\":226,\"caption\":\"Sanmart\"},\"image\":{\"@id\":\"https:\/\/sanmartcorp.com\/#\/schema\/logo\/image\/\"}}]}<\/script>\n<!-- \/ Yoast SEO plugin. -->","yoast_head_json":{"title":"Conania Somnifera - Sanmart","robots":{"index":"index","follow":"follow","max-snippet":"max-snippet:-1","max-image-preview":"max-image-preview:large","max-video-preview":"max-video-preview:-1"},"canonical":"https:\/\/sanmartcorp.com\/fr\/product\/conania-somnifera\/","og_locale":"fr_FR","og_type":"article","og_title":"Conania Somnifera - Sanmart","og_description":"Err\u00f3neamente conocida como \u2018Withania Somnifera\u2019, se asocia con el efecto adapt\u00f3geno y el manejo del estr\u00e9s.","og_url":"https:\/\/sanmartcorp.com\/fr\/product\/conania-somnifera\/","og_site_name":"Sanmart","article_modified_time":"2025-11-17T14:58:36+00:00","og_image":[{"width":500,"height":500,"url":"https:\/\/sanmartcorp.com\/wp-content\/uploads\/2025\/01\/placeholder-plantas.webp","type":"image\/webp"}],"twitter_card":"summary_large_image","twitter_misc":{"Dur\u00e9e de lecture estim\u00e9e":"1 minute"},"schema":{"@context":"https:\/\/schema.org","@graph":[{"@type":"WebPage","@id":"https:\/\/sanmartcorp.com\/producto\/conania-somnifera\/","url":"https:\/\/sanmartcorp.com\/producto\/conania-somnifera\/","name":"Conania Somnifera - Sanmart","isPartOf":{"@id":"https:\/\/sanmartcorp.com\/#website"},"primaryImageOfPage":{"@id":"https:\/\/sanmartcorp.com\/producto\/conania-somnifera\/#primaryimage"},"image":{"@id":"https:\/\/sanmartcorp.com\/producto\/conania-somnifera\/#primaryimage"},"thumbnailUrl":"https:\/\/sanmartcorp.com\/wp-content\/uploads\/2025\/01\/placeholder-plantas.webp","datePublished":"2025-01-20T11:52:34+00:00","dateModified":"2025-11-17T14:58:36+00:00","breadcrumb":{"@id":"https:\/\/sanmartcorp.com\/producto\/conania-somnifera\/#breadcrumb"},"inLanguage":"fr-FR","potentialAction":[{"@type":"ReadAction","target":["https:\/\/sanmartcorp.com\/producto\/conania-somnifera\/"]}]},{"@type":"ImageObject","inLanguage":"fr-FR","@id":"https:\/\/sanmartcorp.com\/producto\/conania-somnifera\/#primaryimage","url":"https:\/\/sanmartcorp.com\/wp-content\/uploads\/2025\/01\/placeholder-plantas.webp","contentUrl":"https:\/\/sanmartcorp.com\/wp-content\/uploads\/2025\/01\/placeholder-plantas.webp","width":500,"height":500},{"@type":"BreadcrumbList","@id":"https:\/\/sanmartcorp.com\/producto\/conania-somnifera\/#breadcrumb","itemListElement":[{"@type":"ListItem","position":1,"name":"Portada","item":"https:\/\/sanmartcorp.com\/"},{"@type":"ListItem","position":2,"name":"Productos","item":"https:\/\/sanmartcorp.com\/productos\/"},{"@type":"ListItem","position":3,"name":"Conania Somnifera"}]},{"@type":"WebSite","@id":"https:\/\/sanmartcorp.com\/#website","url":"https:\/\/sanmartcorp.com\/","name":"Distributeur d'ingr\u00e9dients Sanmart","description":"","publisher":{"@id":"https:\/\/sanmartcorp.com\/#organization"},"potentialAction":[{"@type":"SearchAction","target":{"@type":"EntryPoint","urlTemplate":"https:\/\/sanmartcorp.com\/?s={search_term_string}"},"query-input":{"@type":"PropertyValueSpecification","valueRequired":true,"valueName":"search_term_string"}}],"inLanguage":"fr-FR"},{"@type":"Organization","@id":"https:\/\/sanmartcorp.com\/#organization","name":"Sanmart","url":"https:\/\/sanmartcorp.com\/","logo":{"@type":"ImageObject","inLanguage":"fr-FR","@id":"https:\/\/sanmartcorp.com\/#\/schema\/logo\/image\/","url":"https:\/\/sanmartcorp.com\/wp-content\/uploads\/2024\/12\/sanmart-logo.png","contentUrl":"https:\/\/sanmartcorp.com\/wp-content\/uploads\/2024\/12\/sanmart-logo.png","width":1030,"height":226,"caption":"Sanmart"},"image":{"@id":"https:\/\/sanmartcorp.com\/#\/schema\/logo\/image\/"}}]}},"spectra_custom_meta":{"_sku":["PLA-299-CON"],"total_sales":["0"],"_tax_status":["taxable"],"_tax_class":[""],"_manage_stock":["no"],"_backorders":["no"],"_sold_individually":["no"],"_virtual":["no"],"_downloadable":["no"],"_download_limit":["-1"],"_download_expiry":["-1"],"_stock":[null],"_stock_status":["instock"],"_wc_average_rating":["0"],"_wc_review_count":["0"],"_product_version":["10.3.5"],"_wp_old_slug":["import-placeholder-for-299"],"_thumbnail_id":["1077"],"rank_math_analytic_object_id":["35"],"rank_math_internal_links_processed":["1"],"_edit_lock":["1763391392:1"],"rank_math_seo_score":["14"],"rank_math_contentai_score":["a:5:{s:8:\"keywords\";s:5:\"74.51\";s:9:\"wordCount\";s:1:\"0\";s:9:\"linkCount\";s:1:\"0\";s:12:\"headingCount\";s:1:\"0\";s:10:\"mediaCount\";s:1:\"0\";}"],"_edit_last":["1"],"rank_math_primary_product_brand":["0"],"rank_math_primary_product_cat":["0"],"site-sidebar-layout":["default"],"ast-site-content-layout":["default"],"site-content-style":["default"],"site-sidebar-style":["default"],"theme-transparent-header-meta":["default"],"astra-migrate-meta-layouts":["set"],"stick-header-meta":["default"],"_yoast_wpseo_primary_product_brand":[""],"_yoast_wpseo_primary_product_cat":[""],"_yoast_wpseo_content_score":["90"],"_yoast_wpseo_estimated-reading-time-minutes":["1"],"_uag_css_file_name":["uag-css-1031.css"],"_uag_js_file_name":["uag-js-1031.js"]},"uagb_featured_image_src":{"full":["https:\/\/sanmartcorp.com\/wp-content\/uploads\/2025\/01\/placeholder-plantas.webp",500,500,false],"thumbnail":["https:\/\/sanmartcorp.com\/wp-content\/uploads\/2025\/01\/placeholder-plantas-150x150.webp",150,150,true],"medium":["https:\/\/sanmartcorp.com\/wp-content\/uploads\/2025\/01\/placeholder-plantas-300x300.webp",300,300,true],"medium_large":["https:\/\/sanmartcorp.com\/wp-content\/uploads\/2025\/01\/placeholder-plantas.webp",500,500,false],"large":["https:\/\/sanmartcorp.com\/wp-content\/uploads\/2025\/01\/placeholder-plantas.webp",500,500,false],"1536x1536":["https:\/\/sanmartcorp.com\/wp-content\/uploads\/2025\/01\/placeholder-plantas.webp",500,500,false],"2048x2048":["https:\/\/sanmartcorp.com\/wp-content\/uploads\/2025\/01\/placeholder-plantas.webp",500,500,false],"trp-custom-language-flag":["https:\/\/sanmartcorp.com\/wp-content\/uploads\/2025\/01\/placeholder-plantas.webp",12,12,false],"woocommerce_thumbnail":["https:\/\/sanmartcorp.com\/wp-content\/uploads\/2025\/01\/placeholder-plantas-300x300.webp",300,300,true],"woocommerce_single":["https:\/\/sanmartcorp.com\/wp-content\/uploads\/2025\/01\/placeholder-plantas.webp",500,500,false],"woocommerce_gallery_thumbnail":["https:\/\/sanmartcorp.com\/wp-content\/uploads\/2025\/01\/placeholder-plantas-100x100.webp",100,100,true],"dgwt-wcas-product-suggestion":["https:\/\/sanmartcorp.com\/wp-content\/uploads\/2025\/01\/placeholder-plantas.webp",64,64,false]},"uagb_author_info":{"display_name":"domingo","author_link":"https:\/\/sanmartcorp.com\/fr\/author\/"},"uagb_comment_info":0,"uagb_excerpt":"Err\u00f3neamente conocida como \u2018Withania Somnifera\u2019, se asocia con el efecto adapt\u00f3geno y el manejo del estr\u00e9s.","_links":{"self":[{"href":"https:\/\/sanmartcorp.com\/fr\/wp-json\/wp\/v2\/product\/1031","targetHints":{"allow":["GET"]}}],"collection":[{"href":"https:\/\/sanmartcorp.com\/fr\/wp-json\/wp\/v2\/product"}],"about":[{"href":"https:\/\/sanmartcorp.com\/fr\/wp-json\/wp\/v2\/types\/product"}],"wp:featuredmedia":[{"embeddable":true,"href":"https:\/\/sanmartcorp.com\/fr\/wp-json\/wp\/v2\/media\/1077"}],"wp:attachment":[{"href":"https:\/\/sanmartcorp.com\/fr\/wp-json\/wp\/v2\/media?parent=1031"}],"wp:term":[{"taxonomy":"product_brand","embeddable":true,"href":"https:\/\/sanmartcorp.com\/fr\/wp-json\/wp\/v2\/product_brand?post=1031"},{"taxonomy":"product_cat","embeddable":true,"href":"https:\/\/sanmartcorp.com\/fr\/wp-json\/wp\/v2\/product_cat?post=1031"},{"taxonomy":"product_tag","embeddable":true,"href":"https:\/\/sanmartcorp.com\/fr\/wp-json\/wp\/v2\/product_tag?post=1031"}],"curies":[{"name":"wp","href":"https:\/\/api.w.org\/{rel}","templated":true}]}}