{"id":1057,"date":"2025-01-20T12:53:19","date_gmt":"2025-01-20T11:53:19","guid":{"rendered":"https:\/\/sanmartcorp.com\/?post_type=product&#038;p=1057"},"modified":"2026-01-13T10:41:47","modified_gmt":"2026-01-13T09:41:47","slug":"pyridoxine-hcl-vit-b6-hcl","status":"publish","type":"product","link":"https:\/\/sanmartcorp.com\/fr\/product\/pyridoxine-hcl-vit-b6-hcl\/","title":{"rendered":"Pyridoxine HCL (Vit B6 HCL)"},"content":{"rendered":"<p data-start=\"176\" data-end=\"548\">La pyridoxine (vitamine B6) est un micronutriment essentiel qui participe \u00e0 plus de 100 r\u00e9actions enzymatiques dans l'organisme, notamment celles li\u00e9es au m\u00e9tabolisme des prot\u00e9ines, des glucides et des lipides. Sa disponibilit\u00e9 ad\u00e9quate est essentielle pour la production d'\u00e9nergie, la synth\u00e8se des neurotransmetteurs et le bon fonctionnement du syst\u00e8me nerveux.<\/p>\n<p data-start=\"550\" data-end=\"797\">La vitamine B6 contribue \u00e0 la formation de l'h\u00e9moglobine et au transport de l'oxyg\u00e8ne, favorisant ainsi les performances physiques et la vitalit\u00e9. Elle participe aussi activement \u00e0 la r\u00e9gulation de l'homocyst\u00e9ine, un facteur cl\u00e9 de la sant\u00e9 cardiovasculaire.<\/p>\n<p data-start=\"799\" data-end=\"1073\">Au niveau neurologique et immunologique, la pyridoxine soutient la fonction cognitive, l'\u00e9quilibre de l'humeur et la r\u00e9ponse immunitaire, ce qui en fait un composant strat\u00e9gique dans les formules destin\u00e9es au bien-\u00eatre holistique, \u00e0 la gestion du stress et \u00e0 la r\u00e9cup\u00e9ration m\u00e9tabolique.<\/p>","protected":false},"excerpt":{"rendered":"<p>Forme stable de la vitamine B6, impliqu\u00e9e dans plus de 100 r\u00e9actions enzymatiques et dans la fonction immunitaire.<\/p>","protected":false},"featured_media":1078,"template":"","meta":{"_uag_custom_page_level_css":"","site-sidebar-layout":"default","site-content-layout":"","ast-site-content-layout":"default","site-content-style":"default","site-sidebar-style":"default","ast-global-header-display":"","ast-banner-title-visibility":"","ast-main-header-display":"","ast-hfb-above-header-display":"","ast-hfb-below-header-display":"","ast-hfb-mobile-header-display":"","site-post-title":"","ast-breadcrumbs-content":"","ast-featured-img":"","footer-sml-layout":"","ast-disable-related-posts":"","theme-transparent-header-meta":"default","adv-header-id-meta":"","stick-header-meta":"default","header-above-stick-meta":"","header-main-stick-meta":"","header-below-stick-meta":"","astra-migrate-meta-layouts":"set","ast-page-background-enabled":"default","ast-page-background-meta":{"desktop":{"background-color":"var(--ast-global-color-4)","background-image":"","background-repeat":"repeat","background-position":"center center","background-size":"auto","background-attachment":"scroll","background-type":"","background-media":"","overlay-type":"","overlay-color":"","overlay-opacity":"","overlay-gradient":""},"tablet":{"background-color":"","background-image":"","background-repeat":"repeat","background-position":"center center","background-size":"auto","background-attachment":"scroll","background-type":"","background-media":"","overlay-type":"","overlay-color":"","overlay-opacity":"","overlay-gradient":""},"mobile":{"background-color":"","background-image":"","background-repeat":"repeat","background-position":"center center","background-size":"auto","background-attachment":"scroll","background-type":"","background-media":"","overlay-type":"","overlay-color":"","overlay-opacity":"","overlay-gradient":""}},"ast-content-background-meta":{"desktop":{"background-color":"var(--ast-global-color-5)","background-image":"","background-repeat":"repeat","background-position":"center center","background-size":"auto","background-attachment":"scroll","background-type":"","background-media":"","overlay-type":"","overlay-color":"","overlay-opacity":"","overlay-gradient":""},"tablet":{"background-color":"var(--ast-global-color-5)","background-image":"","background-repeat":"repeat","background-position":"center center","background-size":"auto","background-attachment":"scroll","background-type":"","background-media":"","overlay-type":"","overlay-color":"","overlay-opacity":"","overlay-gradient":""},"mobile":{"background-color":"var(--ast-global-color-5)","background-image":"","background-repeat":"repeat","background-position":"center center","background-size":"auto","background-attachment":"scroll","background-type":"","background-media":"","overlay-type":"","overlay-color":"","overlay-opacity":"","overlay-gradient":""}}},"product_brand":[],"product_cat":[23],"product_tag":[],"class_list":{"0":"post-1057","1":"product","2":"type-product","3":"status-publish","4":"has-post-thumbnail","6":"product_cat-vitaminas","7":"desktop-align-left","8":"tablet-align-left","9":"mobile-align-left","10":"ast-product-gallery-layout-horizontal-slider","11":"ast-product-gallery-with-no-image","12":"ast-magnify-disabled","13":"ast-product-tabs-layout-accordion","15":"first","16":"instock","17":"shipping-taxable","18":"product-type-simple"},"yoast_head":"<!-- This site is optimized with the Yoast SEO plugin v27.5 - https:\/\/yoast.com\/product\/yoast-seo-wordpress\/ -->\n<title>Piridoxina HCL (Vit B6 HCL) - Sanmart<\/title>\n<meta name=\"robots\" content=\"index, follow, max-snippet:-1, max-image-preview:large, max-video-preview:-1\" \/>\n<link rel=\"canonical\" href=\"https:\/\/sanmartcorp.com\/fr\/product\/pyridoxine-hcl-vit-b6-hcl\/\" \/>\n<meta property=\"og:locale\" content=\"fr_FR\" \/>\n<meta property=\"og:type\" content=\"article\" \/>\n<meta property=\"og:title\" content=\"Piridoxina HCL (Vit B6 HCL) - Sanmart\" \/>\n<meta property=\"og:description\" content=\"Presentaci\u00f3n estable de vitamina B6, interviene en m\u00e1s de 100 reacciones enzim\u00e1ticas y en la funci\u00f3n inmune.\" \/>\n<meta property=\"og:url\" content=\"https:\/\/sanmartcorp.com\/fr\/product\/pyridoxine-hcl-vit-b6-hcl\/\" \/>\n<meta property=\"og:site_name\" content=\"Sanmart\" \/>\n<meta property=\"article:modified_time\" content=\"2026-01-13T09:41:47+00:00\" \/>\n<meta property=\"og:image\" content=\"https:\/\/sanmartcorp.com\/wp-content\/uploads\/2025\/01\/palceholder-vitaminas.webp\" \/>\n\t<meta property=\"og:image:width\" content=\"500\" \/>\n\t<meta property=\"og:image:height\" content=\"500\" \/>\n\t<meta property=\"og:image:type\" content=\"image\/webp\" \/>\n<meta name=\"twitter:card\" content=\"summary_large_image\" \/>\n<meta name=\"twitter:label1\" content=\"Dur\u00e9e de lecture estim\u00e9e\" \/>\n\t<meta name=\"twitter:data1\" content=\"1 minute\" \/>\n<script type=\"application\/ld+json\" class=\"yoast-schema-graph\">{\"@context\":\"https:\\\/\\\/schema.org\",\"@graph\":[{\"@type\":\"WebPage\",\"@id\":\"https:\\\/\\\/sanmartcorp.com\\\/producto\\\/piridoxina-hcl-vit-b6-hcl\\\/\",\"url\":\"https:\\\/\\\/sanmartcorp.com\\\/producto\\\/piridoxina-hcl-vit-b6-hcl\\\/\",\"name\":\"Piridoxina HCL (Vit B6 HCL) - Sanmart\",\"isPartOf\":{\"@id\":\"https:\\\/\\\/sanmartcorp.com\\\/#website\"},\"primaryImageOfPage\":{\"@id\":\"https:\\\/\\\/sanmartcorp.com\\\/producto\\\/piridoxina-hcl-vit-b6-hcl\\\/#primaryimage\"},\"image\":{\"@id\":\"https:\\\/\\\/sanmartcorp.com\\\/producto\\\/piridoxina-hcl-vit-b6-hcl\\\/#primaryimage\"},\"thumbnailUrl\":\"https:\\\/\\\/sanmartcorp.com\\\/wp-content\\\/uploads\\\/2025\\\/01\\\/palceholder-vitaminas.webp\",\"datePublished\":\"2025-01-20T11:53:19+00:00\",\"dateModified\":\"2026-01-13T09:41:47+00:00\",\"breadcrumb\":{\"@id\":\"https:\\\/\\\/sanmartcorp.com\\\/producto\\\/piridoxina-hcl-vit-b6-hcl\\\/#breadcrumb\"},\"inLanguage\":\"fr-FR\",\"potentialAction\":[{\"@type\":\"ReadAction\",\"target\":[\"https:\\\/\\\/sanmartcorp.com\\\/producto\\\/piridoxina-hcl-vit-b6-hcl\\\/\"]}]},{\"@type\":\"ImageObject\",\"inLanguage\":\"fr-FR\",\"@id\":\"https:\\\/\\\/sanmartcorp.com\\\/producto\\\/piridoxina-hcl-vit-b6-hcl\\\/#primaryimage\",\"url\":\"https:\\\/\\\/sanmartcorp.com\\\/wp-content\\\/uploads\\\/2025\\\/01\\\/palceholder-vitaminas.webp\",\"contentUrl\":\"https:\\\/\\\/sanmartcorp.com\\\/wp-content\\\/uploads\\\/2025\\\/01\\\/palceholder-vitaminas.webp\",\"width\":500,\"height\":500},{\"@type\":\"BreadcrumbList\",\"@id\":\"https:\\\/\\\/sanmartcorp.com\\\/producto\\\/piridoxina-hcl-vit-b6-hcl\\\/#breadcrumb\",\"itemListElement\":[{\"@type\":\"ListItem\",\"position\":1,\"name\":\"Portada\",\"item\":\"https:\\\/\\\/sanmartcorp.com\\\/\"},{\"@type\":\"ListItem\",\"position\":2,\"name\":\"Productos\",\"item\":\"https:\\\/\\\/sanmartcorp.com\\\/productos\\\/\"},{\"@type\":\"ListItem\",\"position\":3,\"name\":\"Piridoxina HCL (Vit B6 HCL)\"}]},{\"@type\":\"WebSite\",\"@id\":\"https:\\\/\\\/sanmartcorp.com\\\/#website\",\"url\":\"https:\\\/\\\/sanmartcorp.com\\\/\",\"name\":\"Sanmart distribuidor de ingredientes\",\"description\":\"\",\"publisher\":{\"@id\":\"https:\\\/\\\/sanmartcorp.com\\\/#organization\"},\"potentialAction\":[{\"@type\":\"SearchAction\",\"target\":{\"@type\":\"EntryPoint\",\"urlTemplate\":\"https:\\\/\\\/sanmartcorp.com\\\/?s={search_term_string}\"},\"query-input\":{\"@type\":\"PropertyValueSpecification\",\"valueRequired\":true,\"valueName\":\"search_term_string\"}}],\"inLanguage\":\"fr-FR\"},{\"@type\":\"Organization\",\"@id\":\"https:\\\/\\\/sanmartcorp.com\\\/#organization\",\"name\":\"Sanmart\",\"url\":\"https:\\\/\\\/sanmartcorp.com\\\/\",\"logo\":{\"@type\":\"ImageObject\",\"inLanguage\":\"fr-FR\",\"@id\":\"https:\\\/\\\/sanmartcorp.com\\\/#\\\/schema\\\/logo\\\/image\\\/\",\"url\":\"https:\\\/\\\/sanmartcorp.com\\\/wp-content\\\/uploads\\\/2024\\\/12\\\/sanmart-logo.png\",\"contentUrl\":\"https:\\\/\\\/sanmartcorp.com\\\/wp-content\\\/uploads\\\/2024\\\/12\\\/sanmart-logo.png\",\"width\":1030,\"height\":226,\"caption\":\"Sanmart\"},\"image\":{\"@id\":\"https:\\\/\\\/sanmartcorp.com\\\/#\\\/schema\\\/logo\\\/image\\\/\"}}]}<\/script>\n<!-- \/ Yoast SEO plugin. -->","yoast_head_json":{"title":"Pyridoxine HCL (Vit B6 HCL) - Sanmart","robots":{"index":"index","follow":"follow","max-snippet":"max-snippet:-1","max-image-preview":"max-image-preview:large","max-video-preview":"max-video-preview:-1"},"canonical":"https:\/\/sanmartcorp.com\/fr\/product\/pyridoxine-hcl-vit-b6-hcl\/","og_locale":"fr_FR","og_type":"article","og_title":"Piridoxina HCL (Vit B6 HCL) - Sanmart","og_description":"Presentaci\u00f3n estable de vitamina B6, interviene en m\u00e1s de 100 reacciones enzim\u00e1ticas y en la funci\u00f3n inmune.","og_url":"https:\/\/sanmartcorp.com\/fr\/product\/pyridoxine-hcl-vit-b6-hcl\/","og_site_name":"Sanmart","article_modified_time":"2026-01-13T09:41:47+00:00","og_image":[{"width":500,"height":500,"url":"https:\/\/sanmartcorp.com\/wp-content\/uploads\/2025\/01\/palceholder-vitaminas.webp","type":"image\/webp"}],"twitter_card":"summary_large_image","twitter_misc":{"Dur\u00e9e de lecture estim\u00e9e":"1 minute"},"schema":{"@context":"https:\/\/schema.org","@graph":[{"@type":"WebPage","@id":"https:\/\/sanmartcorp.com\/producto\/piridoxina-hcl-vit-b6-hcl\/","url":"https:\/\/sanmartcorp.com\/producto\/piridoxina-hcl-vit-b6-hcl\/","name":"Pyridoxine HCL (Vit B6 HCL) - Sanmart","isPartOf":{"@id":"https:\/\/sanmartcorp.com\/#website"},"primaryImageOfPage":{"@id":"https:\/\/sanmartcorp.com\/producto\/piridoxina-hcl-vit-b6-hcl\/#primaryimage"},"image":{"@id":"https:\/\/sanmartcorp.com\/producto\/piridoxina-hcl-vit-b6-hcl\/#primaryimage"},"thumbnailUrl":"https:\/\/sanmartcorp.com\/wp-content\/uploads\/2025\/01\/palceholder-vitaminas.webp","datePublished":"2025-01-20T11:53:19+00:00","dateModified":"2026-01-13T09:41:47+00:00","breadcrumb":{"@id":"https:\/\/sanmartcorp.com\/producto\/piridoxina-hcl-vit-b6-hcl\/#breadcrumb"},"inLanguage":"fr-FR","potentialAction":[{"@type":"ReadAction","target":["https:\/\/sanmartcorp.com\/producto\/piridoxina-hcl-vit-b6-hcl\/"]}]},{"@type":"ImageObject","inLanguage":"fr-FR","@id":"https:\/\/sanmartcorp.com\/producto\/piridoxina-hcl-vit-b6-hcl\/#primaryimage","url":"https:\/\/sanmartcorp.com\/wp-content\/uploads\/2025\/01\/palceholder-vitaminas.webp","contentUrl":"https:\/\/sanmartcorp.com\/wp-content\/uploads\/2025\/01\/palceholder-vitaminas.webp","width":500,"height":500},{"@type":"BreadcrumbList","@id":"https:\/\/sanmartcorp.com\/producto\/piridoxina-hcl-vit-b6-hcl\/#breadcrumb","itemListElement":[{"@type":"ListItem","position":1,"name":"Portada","item":"https:\/\/sanmartcorp.com\/"},{"@type":"ListItem","position":2,"name":"Productos","item":"https:\/\/sanmartcorp.com\/productos\/"},{"@type":"ListItem","position":3,"name":"Piridoxina HCL (Vit B6 HCL)"}]},{"@type":"WebSite","@id":"https:\/\/sanmartcorp.com\/#website","url":"https:\/\/sanmartcorp.com\/","name":"Distributeur d'ingr\u00e9dients Sanmart","description":"","publisher":{"@id":"https:\/\/sanmartcorp.com\/#organization"},"potentialAction":[{"@type":"SearchAction","target":{"@type":"EntryPoint","urlTemplate":"https:\/\/sanmartcorp.com\/?s={search_term_string}"},"query-input":{"@type":"PropertyValueSpecification","valueRequired":true,"valueName":"search_term_string"}}],"inLanguage":"fr-FR"},{"@type":"Organization","@id":"https:\/\/sanmartcorp.com\/#organization","name":"Sanmart","url":"https:\/\/sanmartcorp.com\/","logo":{"@type":"ImageObject","inLanguage":"fr-FR","@id":"https:\/\/sanmartcorp.com\/#\/schema\/logo\/image\/","url":"https:\/\/sanmartcorp.com\/wp-content\/uploads\/2024\/12\/sanmart-logo.png","contentUrl":"https:\/\/sanmartcorp.com\/wp-content\/uploads\/2024\/12\/sanmart-logo.png","width":1030,"height":226,"caption":"Sanmart"},"image":{"@id":"https:\/\/sanmartcorp.com\/#\/schema\/logo\/image\/"}}]}},"spectra_custom_meta":{"_sku":["VIT-325-PIR"],"total_sales":["0"],"_tax_status":["taxable"],"_tax_class":[""],"_manage_stock":["no"],"_backorders":["no"],"_sold_individually":["no"],"_virtual":["no"],"_downloadable":["no"],"_download_limit":["-1"],"_download_expiry":["-1"],"_stock":[null],"_stock_status":["instock"],"_wc_average_rating":["0"],"_wc_review_count":["0"],"_product_version":["10.4.3"],"_wp_old_slug":["import-placeholder-for-325"],"_thumbnail_id":["1078"],"rank_math_analytic_object_id":["9"],"rank_math_internal_links_processed":["1"],"_edit_lock":["1768297176:1"],"rank_math_seo_score":["15"],"rank_math_contentai_score":["a:5:{s:8:\"keywords\";s:5:\"74.51\";s:9:\"wordCount\";s:1:\"0\";s:9:\"linkCount\";s:1:\"0\";s:12:\"headingCount\";s:1:\"0\";s:10:\"mediaCount\";s:1:\"0\";}"],"_edit_last":["1"],"site-sidebar-layout":["default"],"ast-site-content-layout":["default"],"site-content-style":["default"],"site-sidebar-style":["default"],"theme-transparent-header-meta":["default"],"astra-migrate-meta-layouts":["set"],"stick-header-meta":["default"],"_yoast_wpseo_primary_product_brand":[""],"_yoast_wpseo_primary_product_cat":[""],"_yoast_wpseo_content_score":["60"],"_yoast_wpseo_estimated-reading-time-minutes":["1"],"_uag_css_file_name":["uag-css-1057.css"],"_uag_js_file_name":["uag-js-1057.js"]},"uagb_featured_image_src":{"full":["https:\/\/sanmartcorp.com\/wp-content\/uploads\/2025\/01\/palceholder-vitaminas.webp",500,500,false],"thumbnail":["https:\/\/sanmartcorp.com\/wp-content\/uploads\/2025\/01\/palceholder-vitaminas-150x150.webp",150,150,true],"medium":["https:\/\/sanmartcorp.com\/wp-content\/uploads\/2025\/01\/palceholder-vitaminas-300x300.webp",300,300,true],"medium_large":["https:\/\/sanmartcorp.com\/wp-content\/uploads\/2025\/01\/palceholder-vitaminas.webp",500,500,false],"large":["https:\/\/sanmartcorp.com\/wp-content\/uploads\/2025\/01\/palceholder-vitaminas.webp",500,500,false],"1536x1536":["https:\/\/sanmartcorp.com\/wp-content\/uploads\/2025\/01\/palceholder-vitaminas.webp",500,500,false],"2048x2048":["https:\/\/sanmartcorp.com\/wp-content\/uploads\/2025\/01\/palceholder-vitaminas.webp",500,500,false],"trp-custom-language-flag":["https:\/\/sanmartcorp.com\/wp-content\/uploads\/2025\/01\/palceholder-vitaminas.webp",12,12,false],"woocommerce_thumbnail":["https:\/\/sanmartcorp.com\/wp-content\/uploads\/2025\/01\/palceholder-vitaminas-300x300.webp",300,300,true],"woocommerce_single":["https:\/\/sanmartcorp.com\/wp-content\/uploads\/2025\/01\/palceholder-vitaminas.webp",500,500,false],"woocommerce_gallery_thumbnail":["https:\/\/sanmartcorp.com\/wp-content\/uploads\/2025\/01\/palceholder-vitaminas-100x100.webp",100,100,true],"dgwt-wcas-product-suggestion":["https:\/\/sanmartcorp.com\/wp-content\/uploads\/2025\/01\/palceholder-vitaminas.webp",64,64,false]},"uagb_author_info":{"display_name":"domingo","author_link":"https:\/\/sanmartcorp.com\/fr\/author\/"},"uagb_comment_info":0,"uagb_excerpt":"Presentaci\u00f3n estable de vitamina B6, interviene en m\u00e1s de 100 reacciones enzim\u00e1ticas y en la funci\u00f3n inmune.","_links":{"self":[{"href":"https:\/\/sanmartcorp.com\/fr\/wp-json\/wp\/v2\/product\/1057","targetHints":{"allow":["GET"]}}],"collection":[{"href":"https:\/\/sanmartcorp.com\/fr\/wp-json\/wp\/v2\/product"}],"about":[{"href":"https:\/\/sanmartcorp.com\/fr\/wp-json\/wp\/v2\/types\/product"}],"wp:featuredmedia":[{"embeddable":true,"href":"https:\/\/sanmartcorp.com\/fr\/wp-json\/wp\/v2\/media\/1078"}],"wp:attachment":[{"href":"https:\/\/sanmartcorp.com\/fr\/wp-json\/wp\/v2\/media?parent=1057"}],"wp:term":[{"taxonomy":"product_brand","embeddable":true,"href":"https:\/\/sanmartcorp.com\/fr\/wp-json\/wp\/v2\/product_brand?post=1057"},{"taxonomy":"product_cat","embeddable":true,"href":"https:\/\/sanmartcorp.com\/fr\/wp-json\/wp\/v2\/product_cat?post=1057"},{"taxonomy":"product_tag","embeddable":true,"href":"https:\/\/sanmartcorp.com\/fr\/wp-json\/wp\/v2\/product_tag?post=1057"}],"curies":[{"name":"wp","href":"https:\/\/api.w.org\/{rel}","templated":true}]}}