{"id":739,"date":"2025-01-20T12:44:22","date_gmt":"2025-01-20T11:44:22","guid":{"rendered":"https:\/\/sanmartcorp.com\/?post_type=product&#038;p=739"},"modified":"2025-12-12T09:34:00","modified_gmt":"2025-12-12T08:34:00","slug":"glycine","status":"publish","type":"product","link":"https:\/\/sanmartcorp.com\/fr\/product\/glycine\/","title":{"rendered":"Glycine"},"content":{"rendered":"<p>Contribue au maintien de la structure de la peau, des tendons et des articulations en faisant partie du collag\u00e8ne.<\/p>\n<p>Il agit comme un neurotransmetteur, favorisant le repos profond et calmant le syst\u00e8me nerveux.<\/p>\n<p>Il est facile \u00e0 prendre et peut \u00eatre associ\u00e9 \u00e0 d'autres compl\u00e9ments pour soutenir la sant\u00e9 globale.<\/p>\n<p data-start=\"0\" data-end=\"167\">favorise le bien-\u00eatre g\u00e9n\u00e9ral et un repos de qualit\u00e9, encourageant la relaxation et la r\u00e9cup\u00e9ration, en particulier lors de routines exigeantes ou de p\u00e9riodes de stress.<\/p>\n<p data-start=\"169\" data-end=\"351\">Il est utilis\u00e9 \u00e0 la fois dans la nutrition sportive et dans le bien-\u00eatre quotidien pour son r\u00f4le dans les processus de r\u00e9paration et d'\u00e9quilibrage, et pour sa grande compatibilit\u00e9 avec d'autres ingr\u00e9dients fonctionnels.<\/p>\n<p data-start=\"353\" data-end=\"517\">Sa grande puret\u00e9, son go\u00fbt doux et son excellente solubilit\u00e9 permettent un dosage pr\u00e9cis et une int\u00e9gration facile dans les poudres, les sachets, les g\u00e9lules et les boissons fonctionnelles.<\/p>\n<p data-start=\"519\" data-end=\"691\">Le <strong data-start=\"522\" data-end=\"533\">glycine<\/strong> est un acide amin\u00e9 impliqu\u00e9 dans des fonctions cl\u00e9s de l'organisme et est largement utilis\u00e9 dans les formulations destin\u00e9es au repos, \u00e0 la r\u00e9cup\u00e9ration et au soutien nutritionnel.<\/p>\n<p data-start=\"693\" data-end=\"710\"><strong data-start=\"693\" data-end=\"710\">Applications :<\/strong><\/p>\n<ul data-start=\"711\" data-end=\"934\">\n<li data-start=\"711\" data-end=\"745\">\n<p data-start=\"713\" data-end=\"745\">Formules de sommeil et de relaxation<\/p>\n<\/li>\n<li data-start=\"746\" data-end=\"789\">\n<p data-start=\"748\" data-end=\"789\">Suppl\u00e9ments pour la r\u00e9cup\u00e9ration et le bien-\u00eatre<\/p>\n<\/li>\n<li data-start=\"790\" data-end=\"838\">\n<p data-start=\"792\" data-end=\"838\">Collag\u00e8ne et produits de soutien structurel<\/p>\n<\/li>\n<li data-start=\"839\" data-end=\"881\">\n<p data-start=\"841\" data-end=\"881\">Boissons fonctionnelles et m\u00e9langes en poudre<\/p>\n<\/li>\n<li data-start=\"882\" data-end=\"934\">\n<p data-start=\"884\" data-end=\"934\">Produits de nutrition sportive et de bien-\u00eatre quotidien\u201c<\/p>\n<\/li>\n<\/ul>\n<p data-start=\"936\" data-end=\"1048\" data-is-last-node=\"\" data-is-only-node=\"\">Un ingr\u00e9dient polyvalent et tr\u00e8s demand\u00e9 pour les produits ax\u00e9s sur le repos, la r\u00e9cup\u00e9ration et le bien-\u00eatre holistique.<\/p>","protected":false},"excerpt":{"rendered":"<p>Acide amin\u00e9 de base pour la formation du collag\u00e8ne et la r\u00e9gulation de la transmission nerveuse.<\/p>","protected":false},"featured_media":1073,"template":"","meta":{"_uag_custom_page_level_css":"","site-sidebar-layout":"default","site-content-layout":"","ast-site-content-layout":"default","site-content-style":"default","site-sidebar-style":"default","ast-global-header-display":"","ast-banner-title-visibility":"","ast-main-header-display":"","ast-hfb-above-header-display":"","ast-hfb-below-header-display":"","ast-hfb-mobile-header-display":"","site-post-title":"","ast-breadcrumbs-content":"","ast-featured-img":"","footer-sml-layout":"","ast-disable-related-posts":"","theme-transparent-header-meta":"default","adv-header-id-meta":"","stick-header-meta":"default","header-above-stick-meta":"","header-main-stick-meta":"","header-below-stick-meta":"","astra-migrate-meta-layouts":"set","ast-page-background-enabled":"default","ast-page-background-meta":{"desktop":{"background-color":"var(--ast-global-color-4)","background-image":"","background-repeat":"repeat","background-position":"center center","background-size":"auto","background-attachment":"scroll","background-type":"","background-media":"","overlay-type":"","overlay-color":"","overlay-opacity":"","overlay-gradient":""},"tablet":{"background-color":"","background-image":"","background-repeat":"repeat","background-position":"center center","background-size":"auto","background-attachment":"scroll","background-type":"","background-media":"","overlay-type":"","overlay-color":"","overlay-opacity":"","overlay-gradient":""},"mobile":{"background-color":"","background-image":"","background-repeat":"repeat","background-position":"center center","background-size":"auto","background-attachment":"scroll","background-type":"","background-media":"","overlay-type":"","overlay-color":"","overlay-opacity":"","overlay-gradient":""}},"ast-content-background-meta":{"desktop":{"background-color":"var(--ast-global-color-5)","background-image":"","background-repeat":"repeat","background-position":"center center","background-size":"auto","background-attachment":"scroll","background-type":"","background-media":"","overlay-type":"","overlay-color":"","overlay-opacity":"","overlay-gradient":""},"tablet":{"background-color":"var(--ast-global-color-5)","background-image":"","background-repeat":"repeat","background-position":"center center","background-size":"auto","background-attachment":"scroll","background-type":"","background-media":"","overlay-type":"","overlay-color":"","overlay-opacity":"","overlay-gradient":""},"mobile":{"background-color":"var(--ast-global-color-5)","background-image":"","background-repeat":"repeat","background-position":"center center","background-size":"auto","background-attachment":"scroll","background-type":"","background-media":"","overlay-type":"","overlay-color":"","overlay-opacity":"","overlay-gradient":""}}},"product_brand":[],"product_cat":[19],"product_tag":[],"class_list":{"0":"post-739","1":"product","2":"type-product","3":"status-publish","4":"has-post-thumbnail","6":"product_cat-aminoacidos","7":"desktop-align-left","8":"tablet-align-left","9":"mobile-align-left","10":"ast-product-gallery-layout-horizontal-slider","11":"ast-product-gallery-with-no-image","12":"ast-magnify-disabled","13":"ast-product-tabs-layout-accordion","15":"first","16":"instock","17":"shipping-taxable","18":"product-type-simple"},"yoast_head":"<!-- This site is optimized with the Yoast SEO plugin v27.1.1 - https:\/\/yoast.com\/product\/yoast-seo-wordpress\/ -->\n<title>Glicina - Sanmart<\/title>\n<meta name=\"robots\" content=\"index, follow, max-snippet:-1, max-image-preview:large, max-video-preview:-1\" \/>\n<link rel=\"canonical\" href=\"https:\/\/sanmartcorp.com\/fr\/product\/glycine\/\" \/>\n<meta property=\"og:locale\" content=\"fr_FR\" \/>\n<meta property=\"og:type\" content=\"article\" \/>\n<meta property=\"og:title\" content=\"Glicina - Sanmart\" \/>\n<meta property=\"og:description\" content=\"Amino\u00e1cido b\u00e1sico para la formaci\u00f3n de col\u00e1geno y la regulaci\u00f3n de la transmisi\u00f3n nerviosa.\" \/>\n<meta property=\"og:url\" content=\"https:\/\/sanmartcorp.com\/fr\/product\/glycine\/\" \/>\n<meta property=\"og:site_name\" content=\"Sanmart\" \/>\n<meta property=\"article:modified_time\" content=\"2025-12-12T08:34:00+00:00\" \/>\n<meta property=\"og:image\" content=\"https:\/\/sanmartcorp.com\/wp-content\/uploads\/2025\/01\/placeholder-aminoacidos.webp\" \/>\n\t<meta property=\"og:image:width\" content=\"500\" \/>\n\t<meta property=\"og:image:height\" content=\"500\" \/>\n\t<meta property=\"og:image:type\" content=\"image\/webp\" \/>\n<meta name=\"twitter:card\" content=\"summary_large_image\" \/>\n<meta name=\"twitter:label1\" content=\"Dur\u00e9e de lecture estim\u00e9e\" \/>\n\t<meta name=\"twitter:data1\" content=\"1 minute\" \/>\n<script type=\"application\/ld+json\" class=\"yoast-schema-graph\">{\"@context\":\"https:\/\/schema.org\",\"@graph\":[{\"@type\":\"WebPage\",\"@id\":\"https:\/\/sanmartcorp.com\/producto\/glicina\/\",\"url\":\"https:\/\/sanmartcorp.com\/producto\/glicina\/\",\"name\":\"Glicina - Sanmart\",\"isPartOf\":{\"@id\":\"https:\/\/sanmartcorp.com\/#website\"},\"primaryImageOfPage\":{\"@id\":\"https:\/\/sanmartcorp.com\/producto\/glicina\/#primaryimage\"},\"image\":{\"@id\":\"https:\/\/sanmartcorp.com\/producto\/glicina\/#primaryimage\"},\"thumbnailUrl\":\"https:\/\/sanmartcorp.com\/wp-content\/uploads\/2025\/01\/placeholder-aminoacidos.webp\",\"datePublished\":\"2025-01-20T11:44:22+00:00\",\"dateModified\":\"2025-12-12T08:34:00+00:00\",\"breadcrumb\":{\"@id\":\"https:\/\/sanmartcorp.com\/producto\/glicina\/#breadcrumb\"},\"inLanguage\":\"fr-FR\",\"potentialAction\":[{\"@type\":\"ReadAction\",\"target\":[\"https:\/\/sanmartcorp.com\/producto\/glicina\/\"]}]},{\"@type\":\"ImageObject\",\"inLanguage\":\"fr-FR\",\"@id\":\"https:\/\/sanmartcorp.com\/producto\/glicina\/#primaryimage\",\"url\":\"https:\/\/sanmartcorp.com\/wp-content\/uploads\/2025\/01\/placeholder-aminoacidos.webp\",\"contentUrl\":\"https:\/\/sanmartcorp.com\/wp-content\/uploads\/2025\/01\/placeholder-aminoacidos.webp\",\"width\":500,\"height\":500},{\"@type\":\"BreadcrumbList\",\"@id\":\"https:\/\/sanmartcorp.com\/producto\/glicina\/#breadcrumb\",\"itemListElement\":[{\"@type\":\"ListItem\",\"position\":1,\"name\":\"Portada\",\"item\":\"https:\/\/sanmartcorp.com\/\"},{\"@type\":\"ListItem\",\"position\":2,\"name\":\"Productos\",\"item\":\"https:\/\/sanmartcorp.com\/productos\/\"},{\"@type\":\"ListItem\",\"position\":3,\"name\":\"Glicina\"}]},{\"@type\":\"WebSite\",\"@id\":\"https:\/\/sanmartcorp.com\/#website\",\"url\":\"https:\/\/sanmartcorp.com\/\",\"name\":\"Sanmart distribuidor de ingredientes\",\"description\":\"\",\"publisher\":{\"@id\":\"https:\/\/sanmartcorp.com\/#organization\"},\"potentialAction\":[{\"@type\":\"SearchAction\",\"target\":{\"@type\":\"EntryPoint\",\"urlTemplate\":\"https:\/\/sanmartcorp.com\/?s={search_term_string}\"},\"query-input\":{\"@type\":\"PropertyValueSpecification\",\"valueRequired\":true,\"valueName\":\"search_term_string\"}}],\"inLanguage\":\"fr-FR\"},{\"@type\":\"Organization\",\"@id\":\"https:\/\/sanmartcorp.com\/#organization\",\"name\":\"Sanmart\",\"url\":\"https:\/\/sanmartcorp.com\/\",\"logo\":{\"@type\":\"ImageObject\",\"inLanguage\":\"fr-FR\",\"@id\":\"https:\/\/sanmartcorp.com\/#\/schema\/logo\/image\/\",\"url\":\"https:\/\/sanmartcorp.com\/wp-content\/uploads\/2024\/12\/sanmart-logo.png\",\"contentUrl\":\"https:\/\/sanmartcorp.com\/wp-content\/uploads\/2024\/12\/sanmart-logo.png\",\"width\":1030,\"height\":226,\"caption\":\"Sanmart\"},\"image\":{\"@id\":\"https:\/\/sanmartcorp.com\/#\/schema\/logo\/image\/\"}}]}<\/script>\n<!-- \/ Yoast SEO plugin. -->","yoast_head_json":{"title":"Glycine - Sanmart","robots":{"index":"index","follow":"follow","max-snippet":"max-snippet:-1","max-image-preview":"max-image-preview:large","max-video-preview":"max-video-preview:-1"},"canonical":"https:\/\/sanmartcorp.com\/fr\/product\/glycine\/","og_locale":"fr_FR","og_type":"article","og_title":"Glicina - Sanmart","og_description":"Amino\u00e1cido b\u00e1sico para la formaci\u00f3n de col\u00e1geno y la regulaci\u00f3n de la transmisi\u00f3n nerviosa.","og_url":"https:\/\/sanmartcorp.com\/fr\/product\/glycine\/","og_site_name":"Sanmart","article_modified_time":"2025-12-12T08:34:00+00:00","og_image":[{"width":500,"height":500,"url":"https:\/\/sanmartcorp.com\/wp-content\/uploads\/2025\/01\/placeholder-aminoacidos.webp","type":"image\/webp"}],"twitter_card":"summary_large_image","twitter_misc":{"Dur\u00e9e de lecture estim\u00e9e":"1 minute"},"schema":{"@context":"https:\/\/schema.org","@graph":[{"@type":"WebPage","@id":"https:\/\/sanmartcorp.com\/producto\/glicina\/","url":"https:\/\/sanmartcorp.com\/producto\/glicina\/","name":"Glycine - Sanmart","isPartOf":{"@id":"https:\/\/sanmartcorp.com\/#website"},"primaryImageOfPage":{"@id":"https:\/\/sanmartcorp.com\/producto\/glicina\/#primaryimage"},"image":{"@id":"https:\/\/sanmartcorp.com\/producto\/glicina\/#primaryimage"},"thumbnailUrl":"https:\/\/sanmartcorp.com\/wp-content\/uploads\/2025\/01\/placeholder-aminoacidos.webp","datePublished":"2025-01-20T11:44:22+00:00","dateModified":"2025-12-12T08:34:00+00:00","breadcrumb":{"@id":"https:\/\/sanmartcorp.com\/producto\/glicina\/#breadcrumb"},"inLanguage":"fr-FR","potentialAction":[{"@type":"ReadAction","target":["https:\/\/sanmartcorp.com\/producto\/glicina\/"]}]},{"@type":"ImageObject","inLanguage":"fr-FR","@id":"https:\/\/sanmartcorp.com\/producto\/glicina\/#primaryimage","url":"https:\/\/sanmartcorp.com\/wp-content\/uploads\/2025\/01\/placeholder-aminoacidos.webp","contentUrl":"https:\/\/sanmartcorp.com\/wp-content\/uploads\/2025\/01\/placeholder-aminoacidos.webp","width":500,"height":500},{"@type":"BreadcrumbList","@id":"https:\/\/sanmartcorp.com\/producto\/glicina\/#breadcrumb","itemListElement":[{"@type":"ListItem","position":1,"name":"Portada","item":"https:\/\/sanmartcorp.com\/"},{"@type":"ListItem","position":2,"name":"Productos","item":"https:\/\/sanmartcorp.com\/productos\/"},{"@type":"ListItem","position":3,"name":"Glicina"}]},{"@type":"WebSite","@id":"https:\/\/sanmartcorp.com\/#website","url":"https:\/\/sanmartcorp.com\/","name":"Distributeur d'ingr\u00e9dients Sanmart","description":"","publisher":{"@id":"https:\/\/sanmartcorp.com\/#organization"},"potentialAction":[{"@type":"SearchAction","target":{"@type":"EntryPoint","urlTemplate":"https:\/\/sanmartcorp.com\/?s={search_term_string}"},"query-input":{"@type":"PropertyValueSpecification","valueRequired":true,"valueName":"search_term_string"}}],"inLanguage":"fr-FR"},{"@type":"Organization","@id":"https:\/\/sanmartcorp.com\/#organization","name":"Sanmart","url":"https:\/\/sanmartcorp.com\/","logo":{"@type":"ImageObject","inLanguage":"fr-FR","@id":"https:\/\/sanmartcorp.com\/#\/schema\/logo\/image\/","url":"https:\/\/sanmartcorp.com\/wp-content\/uploads\/2024\/12\/sanmart-logo.png","contentUrl":"https:\/\/sanmartcorp.com\/wp-content\/uploads\/2024\/12\/sanmart-logo.png","width":1030,"height":226,"caption":"Sanmart"},"image":{"@id":"https:\/\/sanmartcorp.com\/#\/schema\/logo\/image\/"}}]}},"spectra_custom_meta":{"_sku":["AMI-007-GLI"],"total_sales":["0"],"_tax_status":["taxable"],"_tax_class":[""],"_manage_stock":["no"],"_backorders":["no"],"_sold_individually":["no"],"_virtual":["no"],"_downloadable":["no"],"_download_limit":["-1"],"_download_expiry":["-1"],"_stock":[null],"_stock_status":["instock"],"_wc_average_rating":["0"],"_wc_review_count":["0"],"_product_version":["10.4.0"],"_wp_old_slug":["import-placeholder-for-7"],"_thumbnail_id":["1073"],"rank_math_analytic_object_id":["327"],"rank_math_internal_links_processed":["1"],"_edit_lock":["1765528323:1"],"rank_math_seo_score":["14"],"rank_math_contentai_score":["a:5:{s:8:\"keywords\";s:5:\"74.51\";s:9:\"wordCount\";s:1:\"0\";s:9:\"linkCount\";s:1:\"0\";s:12:\"headingCount\";s:1:\"0\";s:10:\"mediaCount\";s:1:\"0\";}"],"_edit_last":["1"],"site-sidebar-layout":["default"],"ast-site-content-layout":["default"],"site-content-style":["default"],"site-sidebar-style":["default"],"theme-transparent-header-meta":["default"],"astra-migrate-meta-layouts":["set"],"stick-header-meta":["default"],"_yoast_wpseo_primary_product_brand":[""],"_yoast_wpseo_primary_product_cat":[""],"_yoast_wpseo_content_score":["90"],"_yoast_wpseo_estimated-reading-time-minutes":["1"],"_uag_css_file_name":["uag-css-739.css"],"_uag_js_file_name":["uag-js-739.js"]},"uagb_featured_image_src":{"full":["https:\/\/sanmartcorp.com\/wp-content\/uploads\/2025\/01\/placeholder-aminoacidos.webp",500,500,false],"thumbnail":["https:\/\/sanmartcorp.com\/wp-content\/uploads\/2025\/01\/placeholder-aminoacidos-150x150.webp",150,150,true],"medium":["https:\/\/sanmartcorp.com\/wp-content\/uploads\/2025\/01\/placeholder-aminoacidos-300x300.webp",300,300,true],"medium_large":["https:\/\/sanmartcorp.com\/wp-content\/uploads\/2025\/01\/placeholder-aminoacidos.webp",500,500,false],"large":["https:\/\/sanmartcorp.com\/wp-content\/uploads\/2025\/01\/placeholder-aminoacidos.webp",500,500,false],"1536x1536":["https:\/\/sanmartcorp.com\/wp-content\/uploads\/2025\/01\/placeholder-aminoacidos.webp",500,500,false],"2048x2048":["https:\/\/sanmartcorp.com\/wp-content\/uploads\/2025\/01\/placeholder-aminoacidos.webp",500,500,false],"trp-custom-language-flag":["https:\/\/sanmartcorp.com\/wp-content\/uploads\/2025\/01\/placeholder-aminoacidos.webp",12,12,false],"woocommerce_thumbnail":["https:\/\/sanmartcorp.com\/wp-content\/uploads\/2025\/01\/placeholder-aminoacidos-300x300.webp",300,300,true],"woocommerce_single":["https:\/\/sanmartcorp.com\/wp-content\/uploads\/2025\/01\/placeholder-aminoacidos.webp",500,500,false],"woocommerce_gallery_thumbnail":["https:\/\/sanmartcorp.com\/wp-content\/uploads\/2025\/01\/placeholder-aminoacidos-100x100.webp",100,100,true],"dgwt-wcas-product-suggestion":["https:\/\/sanmartcorp.com\/wp-content\/uploads\/2025\/01\/placeholder-aminoacidos.webp",64,64,false]},"uagb_author_info":{"display_name":"domingo","author_link":"https:\/\/sanmartcorp.com\/fr\/author\/"},"uagb_comment_info":0,"uagb_excerpt":"Amino\u00e1cido b\u00e1sico para la formaci\u00f3n de col\u00e1geno y la regulaci\u00f3n de la transmisi\u00f3n nerviosa.","_links":{"self":[{"href":"https:\/\/sanmartcorp.com\/fr\/wp-json\/wp\/v2\/product\/739","targetHints":{"allow":["GET"]}}],"collection":[{"href":"https:\/\/sanmartcorp.com\/fr\/wp-json\/wp\/v2\/product"}],"about":[{"href":"https:\/\/sanmartcorp.com\/fr\/wp-json\/wp\/v2\/types\/product"}],"wp:featuredmedia":[{"embeddable":true,"href":"https:\/\/sanmartcorp.com\/fr\/wp-json\/wp\/v2\/media\/1073"}],"wp:attachment":[{"href":"https:\/\/sanmartcorp.com\/fr\/wp-json\/wp\/v2\/media?parent=739"}],"wp:term":[{"taxonomy":"product_brand","embeddable":true,"href":"https:\/\/sanmartcorp.com\/fr\/wp-json\/wp\/v2\/product_brand?post=739"},{"taxonomy":"product_cat","embeddable":true,"href":"https:\/\/sanmartcorp.com\/fr\/wp-json\/wp\/v2\/product_cat?post=739"},{"taxonomy":"product_tag","embeddable":true,"href":"https:\/\/sanmartcorp.com\/fr\/wp-json\/wp\/v2\/product_tag?post=739"}],"curies":[{"name":"wp","href":"https:\/\/api.w.org\/{rel}","templated":true}]}}