{"id":942,"date":"2025-01-20T12:50:12","date_gmt":"2025-01-20T11:50:12","guid":{"rendered":"https:\/\/sanmartcorp.com\/?post_type=product&#038;p=942"},"modified":"2025-11-17T16:01:57","modified_gmt":"2025-11-17T15:01:57","slug":"boswellia-serrata","status":"publish","type":"product","link":"https:\/\/sanmartcorp.com\/fr\/product\/boswellia-serrata\/","title":{"rendered":"Boswellia Serrata"},"content":{"rendered":"<p data-start=\"3734\" data-end=\"3917\">Extrait naturel de Boswellia serrata riche en acides boswelliques, reconnu pour son soutien \u00e0 la sant\u00e9 des articulations, \u00e0 la mobilit\u00e9 et \u00e0 la r\u00e9ponse anti-inflammatoire naturelle.<\/p>\n<p data-start=\"3919\" data-end=\"3938\"><strong data-start=\"3919\" data-end=\"3936\">Applications :<\/strong><\/p>\n<ul data-start=\"3939\" data-end=\"4068\">\n<li data-start=\"3939\" data-end=\"3966\">\n<p data-start=\"3941\" data-end=\"3966\">Compl\u00e9ments pour les articulations<\/p>\n<\/li>\n<li data-start=\"3967\" data-end=\"3997\">\n<p data-start=\"3969\" data-end=\"3997\">Formulations anti-inflammatoires<\/p>\n<\/li>\n<li data-start=\"3998\" data-end=\"4023\">\n<p data-start=\"4000\" data-end=\"4023\">Bien-\u00eatre et mobilit\u00e9<\/p>\n<\/li>\n<li data-start=\"4024\" data-end=\"4068\">\n<p data-start=\"4026\" data-end=\"4068\">Produits v\u00e9t\u00e9rinaires pour les articulations<\/p>\n<\/li>\n<\/ul>\n<p data-start=\"4070\" data-end=\"4235\"><strong data-start=\"4070\" data-end=\"4087\">Pr\u00e9sentation :<\/strong> Extrait standardis\u00e9 (65%-90% acides boswelliques).<br data-start=\"4139\" data-end=\"4142\" \/><em data-start=\"4142\" data-end=\"4235\">Un choix de premier ordre pour la cr\u00e9ation de produits naturels efficaces contre les douleurs articulaires et la mobilit\u00e9.<\/em><\/p>","protected":false},"excerpt":{"rendered":"<p>Arbre producteur de r\u00e9sine connu pour son effet anti-inflammatoire et son action sur les articulations.<\/p>","protected":false},"featured_media":1077,"template":"","meta":{"_uag_custom_page_level_css":"","site-sidebar-layout":"default","site-content-layout":"","ast-site-content-layout":"default","site-content-style":"default","site-sidebar-style":"default","ast-global-header-display":"","ast-banner-title-visibility":"","ast-main-header-display":"","ast-hfb-above-header-display":"","ast-hfb-below-header-display":"","ast-hfb-mobile-header-display":"","site-post-title":"","ast-breadcrumbs-content":"","ast-featured-img":"","footer-sml-layout":"","ast-disable-related-posts":"","theme-transparent-header-meta":"default","adv-header-id-meta":"","stick-header-meta":"default","header-above-stick-meta":"","header-main-stick-meta":"","header-below-stick-meta":"","astra-migrate-meta-layouts":"set","ast-page-background-enabled":"default","ast-page-background-meta":{"desktop":{"background-color":"var(--ast-global-color-4)","background-image":"","background-repeat":"repeat","background-position":"center center","background-size":"auto","background-attachment":"scroll","background-type":"","background-media":"","overlay-type":"","overlay-color":"","overlay-opacity":"","overlay-gradient":""},"tablet":{"background-color":"","background-image":"","background-repeat":"repeat","background-position":"center center","background-size":"auto","background-attachment":"scroll","background-type":"","background-media":"","overlay-type":"","overlay-color":"","overlay-opacity":"","overlay-gradient":""},"mobile":{"background-color":"","background-image":"","background-repeat":"repeat","background-position":"center center","background-size":"auto","background-attachment":"scroll","background-type":"","background-media":"","overlay-type":"","overlay-color":"","overlay-opacity":"","overlay-gradient":""}},"ast-content-background-meta":{"desktop":{"background-color":"var(--ast-global-color-5)","background-image":"","background-repeat":"repeat","background-position":"center center","background-size":"auto","background-attachment":"scroll","background-type":"","background-media":"","overlay-type":"","overlay-color":"","overlay-opacity":"","overlay-gradient":""},"tablet":{"background-color":"var(--ast-global-color-5)","background-image":"","background-repeat":"repeat","background-position":"center center","background-size":"auto","background-attachment":"scroll","background-type":"","background-media":"","overlay-type":"","overlay-color":"","overlay-opacity":"","overlay-gradient":""},"mobile":{"background-color":"var(--ast-global-color-5)","background-image":"","background-repeat":"repeat","background-position":"center center","background-size":"auto","background-attachment":"scroll","background-type":"","background-media":"","overlay-type":"","overlay-color":"","overlay-opacity":"","overlay-gradient":""}}},"product_brand":[],"product_cat":[22],"product_tag":[],"class_list":{"0":"post-942","1":"product","2":"type-product","3":"status-publish","4":"has-post-thumbnail","6":"product_cat-botanicos","7":"desktop-align-left","8":"tablet-align-left","9":"mobile-align-left","10":"ast-product-gallery-layout-horizontal-slider","11":"ast-product-gallery-with-no-image","12":"ast-magnify-disabled","13":"ast-product-tabs-layout-accordion","15":"first","16":"instock","17":"shipping-taxable","18":"product-type-simple"},"yoast_head":"<!-- This site is optimized with the Yoast SEO plugin v27.3 - https:\/\/yoast.com\/product\/yoast-seo-wordpress\/ -->\n<title>Boswellia Serrata - Sanmart<\/title>\n<meta name=\"robots\" content=\"index, follow, max-snippet:-1, max-image-preview:large, max-video-preview:-1\" \/>\n<link rel=\"canonical\" href=\"https:\/\/sanmartcorp.com\/fr\/product\/boswellia-serrata\/\" \/>\n<meta property=\"og:locale\" content=\"fr_FR\" \/>\n<meta property=\"og:type\" content=\"article\" \/>\n<meta property=\"og:title\" content=\"Boswellia Serrata - Sanmart\" \/>\n<meta property=\"og:description\" content=\"\u00c1rbol productor de resina conocida por su efecto antiinflamatorio y su acci\u00f3n en articulaciones.\" \/>\n<meta property=\"og:url\" content=\"https:\/\/sanmartcorp.com\/fr\/product\/boswellia-serrata\/\" \/>\n<meta property=\"og:site_name\" content=\"Sanmart\" \/>\n<meta property=\"article:modified_time\" content=\"2025-11-17T15:01:57+00:00\" \/>\n<meta property=\"og:image\" content=\"https:\/\/sanmartcorp.com\/wp-content\/uploads\/2025\/01\/placeholder-plantas.webp\" \/>\n\t<meta property=\"og:image:width\" content=\"500\" \/>\n\t<meta property=\"og:image:height\" content=\"500\" \/>\n\t<meta property=\"og:image:type\" content=\"image\/webp\" \/>\n<meta name=\"twitter:card\" content=\"summary_large_image\" \/>\n<meta name=\"twitter:label1\" content=\"Dur\u00e9e de lecture estim\u00e9e\" \/>\n\t<meta name=\"twitter:data1\" content=\"1 minute\" \/>\n<script type=\"application\/ld+json\" class=\"yoast-schema-graph\">{\"@context\":\"https:\\\/\\\/schema.org\",\"@graph\":[{\"@type\":\"WebPage\",\"@id\":\"https:\\\/\\\/sanmartcorp.com\\\/producto\\\/boswellia-serrata\\\/\",\"url\":\"https:\\\/\\\/sanmartcorp.com\\\/producto\\\/boswellia-serrata\\\/\",\"name\":\"Boswellia Serrata - Sanmart\",\"isPartOf\":{\"@id\":\"https:\\\/\\\/sanmartcorp.com\\\/#website\"},\"primaryImageOfPage\":{\"@id\":\"https:\\\/\\\/sanmartcorp.com\\\/producto\\\/boswellia-serrata\\\/#primaryimage\"},\"image\":{\"@id\":\"https:\\\/\\\/sanmartcorp.com\\\/producto\\\/boswellia-serrata\\\/#primaryimage\"},\"thumbnailUrl\":\"https:\\\/\\\/sanmartcorp.com\\\/wp-content\\\/uploads\\\/2025\\\/01\\\/placeholder-plantas.webp\",\"datePublished\":\"2025-01-20T11:50:12+00:00\",\"dateModified\":\"2025-11-17T15:01:57+00:00\",\"breadcrumb\":{\"@id\":\"https:\\\/\\\/sanmartcorp.com\\\/producto\\\/boswellia-serrata\\\/#breadcrumb\"},\"inLanguage\":\"fr-FR\",\"potentialAction\":[{\"@type\":\"ReadAction\",\"target\":[\"https:\\\/\\\/sanmartcorp.com\\\/producto\\\/boswellia-serrata\\\/\"]}]},{\"@type\":\"ImageObject\",\"inLanguage\":\"fr-FR\",\"@id\":\"https:\\\/\\\/sanmartcorp.com\\\/producto\\\/boswellia-serrata\\\/#primaryimage\",\"url\":\"https:\\\/\\\/sanmartcorp.com\\\/wp-content\\\/uploads\\\/2025\\\/01\\\/placeholder-plantas.webp\",\"contentUrl\":\"https:\\\/\\\/sanmartcorp.com\\\/wp-content\\\/uploads\\\/2025\\\/01\\\/placeholder-plantas.webp\",\"width\":500,\"height\":500},{\"@type\":\"BreadcrumbList\",\"@id\":\"https:\\\/\\\/sanmartcorp.com\\\/producto\\\/boswellia-serrata\\\/#breadcrumb\",\"itemListElement\":[{\"@type\":\"ListItem\",\"position\":1,\"name\":\"Portada\",\"item\":\"https:\\\/\\\/sanmartcorp.com\\\/\"},{\"@type\":\"ListItem\",\"position\":2,\"name\":\"Productos\",\"item\":\"https:\\\/\\\/sanmartcorp.com\\\/productos\\\/\"},{\"@type\":\"ListItem\",\"position\":3,\"name\":\"Boswellia Serrata\"}]},{\"@type\":\"WebSite\",\"@id\":\"https:\\\/\\\/sanmartcorp.com\\\/#website\",\"url\":\"https:\\\/\\\/sanmartcorp.com\\\/\",\"name\":\"Sanmart distribuidor de ingredientes\",\"description\":\"\",\"publisher\":{\"@id\":\"https:\\\/\\\/sanmartcorp.com\\\/#organization\"},\"potentialAction\":[{\"@type\":\"SearchAction\",\"target\":{\"@type\":\"EntryPoint\",\"urlTemplate\":\"https:\\\/\\\/sanmartcorp.com\\\/?s={search_term_string}\"},\"query-input\":{\"@type\":\"PropertyValueSpecification\",\"valueRequired\":true,\"valueName\":\"search_term_string\"}}],\"inLanguage\":\"fr-FR\"},{\"@type\":\"Organization\",\"@id\":\"https:\\\/\\\/sanmartcorp.com\\\/#organization\",\"name\":\"Sanmart\",\"url\":\"https:\\\/\\\/sanmartcorp.com\\\/\",\"logo\":{\"@type\":\"ImageObject\",\"inLanguage\":\"fr-FR\",\"@id\":\"https:\\\/\\\/sanmartcorp.com\\\/#\\\/schema\\\/logo\\\/image\\\/\",\"url\":\"https:\\\/\\\/sanmartcorp.com\\\/wp-content\\\/uploads\\\/2024\\\/12\\\/sanmart-logo.png\",\"contentUrl\":\"https:\\\/\\\/sanmartcorp.com\\\/wp-content\\\/uploads\\\/2024\\\/12\\\/sanmart-logo.png\",\"width\":1030,\"height\":226,\"caption\":\"Sanmart\"},\"image\":{\"@id\":\"https:\\\/\\\/sanmartcorp.com\\\/#\\\/schema\\\/logo\\\/image\\\/\"}}]}<\/script>\n<!-- \/ Yoast SEO plugin. -->","yoast_head_json":{"title":"Boswellia Serrata - Sanmart","robots":{"index":"index","follow":"follow","max-snippet":"max-snippet:-1","max-image-preview":"max-image-preview:large","max-video-preview":"max-video-preview:-1"},"canonical":"https:\/\/sanmartcorp.com\/fr\/product\/boswellia-serrata\/","og_locale":"fr_FR","og_type":"article","og_title":"Boswellia Serrata - Sanmart","og_description":"\u00c1rbol productor de resina conocida por su efecto antiinflamatorio y su acci\u00f3n en articulaciones.","og_url":"https:\/\/sanmartcorp.com\/fr\/product\/boswellia-serrata\/","og_site_name":"Sanmart","article_modified_time":"2025-11-17T15:01:57+00:00","og_image":[{"width":500,"height":500,"url":"https:\/\/sanmartcorp.com\/wp-content\/uploads\/2025\/01\/placeholder-plantas.webp","type":"image\/webp"}],"twitter_card":"summary_large_image","twitter_misc":{"Dur\u00e9e de lecture estim\u00e9e":"1 minute"},"schema":{"@context":"https:\/\/schema.org","@graph":[{"@type":"WebPage","@id":"https:\/\/sanmartcorp.com\/producto\/boswellia-serrata\/","url":"https:\/\/sanmartcorp.com\/producto\/boswellia-serrata\/","name":"Boswellia Serrata - Sanmart","isPartOf":{"@id":"https:\/\/sanmartcorp.com\/#website"},"primaryImageOfPage":{"@id":"https:\/\/sanmartcorp.com\/producto\/boswellia-serrata\/#primaryimage"},"image":{"@id":"https:\/\/sanmartcorp.com\/producto\/boswellia-serrata\/#primaryimage"},"thumbnailUrl":"https:\/\/sanmartcorp.com\/wp-content\/uploads\/2025\/01\/placeholder-plantas.webp","datePublished":"2025-01-20T11:50:12+00:00","dateModified":"2025-11-17T15:01:57+00:00","breadcrumb":{"@id":"https:\/\/sanmartcorp.com\/producto\/boswellia-serrata\/#breadcrumb"},"inLanguage":"fr-FR","potentialAction":[{"@type":"ReadAction","target":["https:\/\/sanmartcorp.com\/producto\/boswellia-serrata\/"]}]},{"@type":"ImageObject","inLanguage":"fr-FR","@id":"https:\/\/sanmartcorp.com\/producto\/boswellia-serrata\/#primaryimage","url":"https:\/\/sanmartcorp.com\/wp-content\/uploads\/2025\/01\/placeholder-plantas.webp","contentUrl":"https:\/\/sanmartcorp.com\/wp-content\/uploads\/2025\/01\/placeholder-plantas.webp","width":500,"height":500},{"@type":"BreadcrumbList","@id":"https:\/\/sanmartcorp.com\/producto\/boswellia-serrata\/#breadcrumb","itemListElement":[{"@type":"ListItem","position":1,"name":"Portada","item":"https:\/\/sanmartcorp.com\/"},{"@type":"ListItem","position":2,"name":"Productos","item":"https:\/\/sanmartcorp.com\/productos\/"},{"@type":"ListItem","position":3,"name":"Boswellia Serrata"}]},{"@type":"WebSite","@id":"https:\/\/sanmartcorp.com\/#website","url":"https:\/\/sanmartcorp.com\/","name":"Distributeur d'ingr\u00e9dients Sanmart","description":"","publisher":{"@id":"https:\/\/sanmartcorp.com\/#organization"},"potentialAction":[{"@type":"SearchAction","target":{"@type":"EntryPoint","urlTemplate":"https:\/\/sanmartcorp.com\/?s={search_term_string}"},"query-input":{"@type":"PropertyValueSpecification","valueRequired":true,"valueName":"search_term_string"}}],"inLanguage":"fr-FR"},{"@type":"Organization","@id":"https:\/\/sanmartcorp.com\/#organization","name":"Sanmart","url":"https:\/\/sanmartcorp.com\/","logo":{"@type":"ImageObject","inLanguage":"fr-FR","@id":"https:\/\/sanmartcorp.com\/#\/schema\/logo\/image\/","url":"https:\/\/sanmartcorp.com\/wp-content\/uploads\/2024\/12\/sanmart-logo.png","contentUrl":"https:\/\/sanmartcorp.com\/wp-content\/uploads\/2024\/12\/sanmart-logo.png","width":1030,"height":226,"caption":"Sanmart"},"image":{"@id":"https:\/\/sanmartcorp.com\/#\/schema\/logo\/image\/"}}]}},"spectra_custom_meta":{"_sku":["PLA-210-BOS"],"total_sales":["0"],"_tax_status":["taxable"],"_tax_class":[""],"_manage_stock":["no"],"_backorders":["no"],"_sold_individually":["no"],"_virtual":["no"],"_downloadable":["no"],"_download_limit":["-1"],"_download_expiry":["-1"],"_stock":[null],"_stock_status":["instock"],"_wc_average_rating":["0"],"_wc_review_count":["0"],"_product_version":["10.3.5"],"_wp_old_slug":["import-placeholder-for-210"],"_thumbnail_id":["1077"],"rank_math_analytic_object_id":["124"],"rank_math_internal_links_processed":["1"],"_edit_lock":["1763391601:1"],"rank_math_seo_score":["9"],"rank_math_contentai_score":["a:5:{s:8:\"keywords\";s:5:\"74.51\";s:9:\"wordCount\";s:1:\"0\";s:9:\"linkCount\";s:1:\"0\";s:12:\"headingCount\";s:1:\"0\";s:10:\"mediaCount\";s:1:\"0\";}"],"_edit_last":["1"],"rank_math_primary_product_brand":["0"],"rank_math_primary_product_cat":["0"],"site-sidebar-layout":["default"],"ast-site-content-layout":["default"],"site-content-style":["default"],"site-sidebar-style":["default"],"theme-transparent-header-meta":["default"],"stick-header-meta":["default"],"_yoast_wpseo_primary_product_brand":[""],"_yoast_wpseo_primary_product_cat":[""],"_yoast_wpseo_content_score":["90"],"_yoast_wpseo_estimated-reading-time-minutes":["1"],"astra-migrate-meta-layouts":["set"],"_uag_css_file_name":["uag-css-942.css"],"_uag_js_file_name":["uag-js-942.js"]},"uagb_featured_image_src":{"full":["https:\/\/sanmartcorp.com\/wp-content\/uploads\/2025\/01\/placeholder-plantas.webp",500,500,false],"thumbnail":["https:\/\/sanmartcorp.com\/wp-content\/uploads\/2025\/01\/placeholder-plantas-150x150.webp",150,150,true],"medium":["https:\/\/sanmartcorp.com\/wp-content\/uploads\/2025\/01\/placeholder-plantas-300x300.webp",300,300,true],"medium_large":["https:\/\/sanmartcorp.com\/wp-content\/uploads\/2025\/01\/placeholder-plantas.webp",500,500,false],"large":["https:\/\/sanmartcorp.com\/wp-content\/uploads\/2025\/01\/placeholder-plantas.webp",500,500,false],"1536x1536":["https:\/\/sanmartcorp.com\/wp-content\/uploads\/2025\/01\/placeholder-plantas.webp",500,500,false],"2048x2048":["https:\/\/sanmartcorp.com\/wp-content\/uploads\/2025\/01\/placeholder-plantas.webp",500,500,false],"trp-custom-language-flag":["https:\/\/sanmartcorp.com\/wp-content\/uploads\/2025\/01\/placeholder-plantas.webp",12,12,false],"woocommerce_thumbnail":["https:\/\/sanmartcorp.com\/wp-content\/uploads\/2025\/01\/placeholder-plantas-300x300.webp",300,300,true],"woocommerce_single":["https:\/\/sanmartcorp.com\/wp-content\/uploads\/2025\/01\/placeholder-plantas.webp",500,500,false],"woocommerce_gallery_thumbnail":["https:\/\/sanmartcorp.com\/wp-content\/uploads\/2025\/01\/placeholder-plantas-100x100.webp",100,100,true],"dgwt-wcas-product-suggestion":["https:\/\/sanmartcorp.com\/wp-content\/uploads\/2025\/01\/placeholder-plantas.webp",64,64,false]},"uagb_author_info":{"display_name":"domingo","author_link":"https:\/\/sanmartcorp.com\/fr\/author\/"},"uagb_comment_info":0,"uagb_excerpt":"\u00c1rbol productor de resina conocida por su efecto antiinflamatorio y su acci\u00f3n en articulaciones.","_links":{"self":[{"href":"https:\/\/sanmartcorp.com\/fr\/wp-json\/wp\/v2\/product\/942","targetHints":{"allow":["GET"]}}],"collection":[{"href":"https:\/\/sanmartcorp.com\/fr\/wp-json\/wp\/v2\/product"}],"about":[{"href":"https:\/\/sanmartcorp.com\/fr\/wp-json\/wp\/v2\/types\/product"}],"wp:featuredmedia":[{"embeddable":true,"href":"https:\/\/sanmartcorp.com\/fr\/wp-json\/wp\/v2\/media\/1077"}],"wp:attachment":[{"href":"https:\/\/sanmartcorp.com\/fr\/wp-json\/wp\/v2\/media?parent=942"}],"wp:term":[{"taxonomy":"product_brand","embeddable":true,"href":"https:\/\/sanmartcorp.com\/fr\/wp-json\/wp\/v2\/product_brand?post=942"},{"taxonomy":"product_cat","embeddable":true,"href":"https:\/\/sanmartcorp.com\/fr\/wp-json\/wp\/v2\/product_cat?post=942"},{"taxonomy":"product_tag","embeddable":true,"href":"https:\/\/sanmartcorp.com\/fr\/wp-json\/wp\/v2\/product_tag?post=942"}],"curies":[{"name":"wp","href":"https:\/\/api.w.org\/{rel}","templated":true}]}}